{"id":4567,"date":"2020-02-24T04:13:24","date_gmt":"2020-02-24T02:13:24","guid":{"rendered":"https:\/\/boats.beupset.gr\/?page_id=4567"},"modified":"2023-09-18T09:15:24","modified_gmt":"2023-09-18T06:15:24","slug":"terms-conditions","status":"publish","type":"page","link":"https:\/\/boatrentalscrete.com\/pl\/terms-conditions\/","title":{"rendered":"Regulamin - BoatRentalsCrete.com"},"content":{"rendered":"<div id=\"pl-4567\"  class=\"panel-layout\" ><div id=\"pg-4567-0\"  class=\"panel-grid panel-has-style\" ><div class=\"siteorigin-panels-stretch panel-row-style panel-row-style-for-4567-0\" data-stretch-type=\"full\" ><div id=\"pgc-4567-0-0\"  class=\"panel-grid-cell\" ><div id=\"panel-4567-0-0-0\" class=\"so-panel widget widget_sow-editor panel-first-child panel-last-child\" data-index=\"0\" ><div\n\t\t\t\n\t\t\tclass=\"so-widget-sow-editor so-widget-sow-editor-base\"\n\t\t\t\n\t\t>\n<div class=\"siteorigin-widget-tinymce textwidget\">\n\t<h3 style=\"text-align: center;\">Terms &amp; Conditions - Boat Renting Services<\/h3>\n<\/div>\n<\/div><\/div><\/div><\/div><\/div><div id=\"pg-4567-1\"  class=\"panel-grid panel-has-style\" ><div class=\"siteorigin-panels-stretch panel-row-style panel-row-style-for-4567-1\" data-stretch-type=\"full\" ><div id=\"pgc-4567-1-0\"  class=\"panel-grid-cell\" ><div id=\"panel-4567-1-0-0\" class=\"so-panel widget widget_sow-editor panel-first-child panel-last-child\" data-index=\"1\" ><div\n\t\t\t\n\t\t\tclass=\"so-widget-sow-editor so-widget-sow-editor-base\"\n\t\t\t\n\t\t>\n<div class=\"siteorigin-widget-tinymce textwidget\">\n\t<h3><\/h3>\n<h4>Nie jest wymagana licencja na obs\u0142ug\u0119 \u0142odzi motorowej poni\u017cej 30 KM.<\/h4>\n<ul>\n<li>Przed wynaj\u0119ciem klient kontroluje stan \u0142odzi i jest dostarczany tylko wtedy, gdy stan \u0142odzi jest zadowalaj\u0105cy dla klienta.<\/li>\n<li>\u0141\u00f3d\u017a jest dostarczana do klienta z pe\u0142nym paliwem. Za zu\u017cycie paliwa pobierana jest dodatkowa op\u0142ata, kt\u00f3r\u0105 klient p\u0142aci po powrocie do siedziby firmy.<\/li>\n<li>Statek jest ubezpieczony od obra\u017ce\u0144 cia\u0142a i szk\u00f3d materialnych wynikaj\u0105cych z kolizji na morzu z osobami trzecimi.<\/li>\n<li>Blue Water Club nie ponosi odpowiedzialno\u015bci za utrat\u0119 lub uszkodzenie mienia klienta podczas wynajmu.<\/li>\n<\/ul>\n<h4>Klient zgadza si\u0119 i akceptuje:<\/h4>\n<ul>\n<li>dostarczy\u0107 statek do klubu Blue Water w stanie, w kt\u00f3rym zosta\u0142 przyj\u0119ty. Klient ponosi odpowiedzialno\u015b\u0107 za wszelkie szkody wyrz\u0105dzone jednostce przez niew\u0142a\u015bciwe u\u017cycie lub zaniedbanie.<\/li>\n<li>dostarczy\u0107 \u0142\u00f3d\u017a przed zachodem s\u0142o\u0144ca.<\/li>\n<li>wcze\u015bniejszy zwrot statku nie uprawnia klienta do \u017c\u0105dania zwrotu.<\/li>\n<li>nie dopu\u015bci\u0107, aby jakakolwiek osoba na pok\u0142adzie podczas wynajmu obs\u0142ugiwa\u0142a \u0142\u00f3d\u017a.<\/li>\n<li>maksymalna odleg\u0142o\u015b\u0107 statku od brzegu nie powinna przekracza\u0107 2 nm.<\/li>\n<\/ul>\n<h4><\/h4>\n<h4>\nNie jest wymagane do\u015bwiadczenie!<\/h4>\n<\/div>\n<\/div><\/div><\/div><\/div><\/div><div id=\"pg-4567-2\"  class=\"panel-grid panel-has-style\" ><div class=\"panel-row-style panel-row-style-for-4567-2\" ><div id=\"pgc-4567-2-0\"  class=\"panel-grid-cell\" ><div id=\"panel-4567-2-0-0\" class=\"so-panel widget widget_sow-editor panel-first-child panel-last-child\" data-index=\"2\" ><div class=\"panel-widget-style panel-widget-style-for-4567-2-0-0\" ><div\n\t\t\t\n\t\t\tclass=\"so-widget-sow-editor so-widget-sow-editor-base\"\n\t\t\t\n\t\t>\n<div class=\"siteorigin-widget-tinymce textwidget\">\n\t<h3 style=\"text-align: center\"><span>Skontaktuj si\u0119 z nami<\/span><\/h3>\n<\/div>\n<\/div><\/div><\/div><\/div><\/div><\/div><div id=\"pg-4567-3\"  class=\"panel-grid panel-has-style\" ><div class=\"row-with-vertical-lines panel-row-style panel-row-style-for-4567-3\" ><div id=\"pgc-4567-3-0\"  class=\"panel-grid-cell\" ><div id=\"panel-4567-3-0-0\" class=\"so-panel widget widget_pw_icon_box widget-icon-box panel-first-child panel-last-child\" data-index=\"3\" ><div class=\"panel-widget-style panel-widget-style-for-4567-3-0-0\" >\n\t\t\t<div class=\"icon-box\">\n\t\n\t\t<i class=\"fa  gp gp-placeholder\"><\/i>\n\n\t\t<div class=\"icon-box__content\">\n\t\t\t<p class=\"icon-box__title\">Adres:<\/p>\n\t\t\t<p class=\"icon-box__subtitle\">Agias Pelagias Street, 71500, AGIA PELAGIA, CRETE<\/p>\n\t\t<\/div>\n\n\t\t\t<\/div>\n\t\n<\/div><\/div><\/div><div id=\"pgc-4567-3-1\"  class=\"panel-grid-cell\" ><div id=\"panel-4567-3-1-0\" class=\"so-panel widget widget_pw_icon_box widget-icon-box panel-first-child panel-last-child\" data-index=\"4\" ><div class=\"panel-widget-style panel-widget-style-for-4567-3-1-0\" >\n\t\t\t<div class=\"icon-box\">\n\t\n\t\t<i class=\"fa  gp gp-smartphone-1\"><\/i>\n\n\t\t<div class=\"icon-box__content\">\n\t\t\t<p class=\"icon-box__title\">Telefon:<\/p>\n\t\t\t<p class=\"icon-box__subtitle\">+306981084445<\/p>\n\t\t<\/div>\n\n\t\t\t<\/div>\n\t\n<\/div><\/div><\/div><div id=\"pgc-4567-3-2\"  class=\"panel-grid-cell\" ><div id=\"panel-4567-3-2-0\" class=\"so-panel widget widget_pw_icon_box widget-icon-box panel-first-child panel-last-child\" data-index=\"5\" ><div class=\"panel-widget-style panel-widget-style-for-4567-3-2-0\" >\n\t\t\t<div class=\"icon-box\">\n\t\n\t\t<i class=\"fa  gp gp-email\"><\/i>\n\n\t\t<div class=\"icon-box__content\">\n\t\t\t<p class=\"icon-box__title\">E-mail:<\/p>\n\t\t\t<p class=\"icon-box__subtitle\">info@boatrentalscrete.com<\/p>\n\t\t<\/div>\n\n\t\t\t<\/div>\n\t\n<\/div><\/div><\/div><\/div><\/div><div id=\"pg-4567-4\"  class=\"panel-grid panel-has-style\" ><div class=\"siteorigin-panels-stretch panel-row-style panel-row-style-for-4567-4\" data-stretch-type=\"full\" ><div id=\"pgc-4567-4-0\"  class=\"panel-grid-cell\" ><div id=\"panel-4567-4-0-0\" class=\"so-panel widget widget_sow-editor panel-first-child\" data-index=\"6\" ><div class=\"panel-widget-style panel-widget-style-for-4567-4-0-0\" ><div\n\t\t\t\n\t\t\tclass=\"so-widget-sow-editor so-widget-sow-editor-base\"\n\t\t\t\n\t\t>\n<div class=\"siteorigin-widget-tinymce textwidget\">\n\t<h5 style=\"text-align: left\"><span style=\"color: #253953\">\u0141odzie w Agia Pelagia<\/span><\/h5>\n<\/div>\n<\/div><\/div><\/div><div id=\"panel-4567-4-0-1\" class=\"so-panel widget widget_sow-editor panel-last-child\" data-index=\"7\" ><div class=\"panel-widget-style panel-widget-style-for-4567-4-0-1\" ><div\n\t\t\t\n\t\t\tclass=\"so-widget-sow-editor so-widget-sow-editor-base\"\n\t\t\t\n\t\t>\n<div class=\"siteorigin-widget-tinymce textwidget\">\n\t<p style=\"font-size: 14px; line-height: 24px;\"><span style=\"color: #677180;\">Telefon Agia Pelagia <strong>+30.2810.811235<\/strong><br \/>\nTelefon alarmowy <a href=\"tel: 306981084445\"><strong>+306981084445<\/strong><\/a><br \/>\nE-mail:<strong> <a href=\"mailto:info@boatrentalscrete.com\">info@boatrentalscrete.com<\/a> <\/strong><\/span><\/p>\n<p><span style=\"color: #677180;\">Agias Pelagias Street, 71500<\/span><\/p>\n<p style=\"font-size: 14px; line-height: 24px;\"><strong>KIERUNKI<\/strong> - <a href=\"https:\/\/www.google.com\/maps\/dir\/\/bluewaterclub+greece\/@35.4065669,25.0175259,17.07z\/data=!4m8!4m7!1m0!1m5!1m1!1s0x149a519944525ea9:0x7412bf6e140a53a7!2m2!1d25.017699!2d35.4062736\">Jak dojecha\u0107 samochodem lub dosta\u0107 si\u0119 do naszego biura pieszo - kliknij tutaj<\/a><\/p>\n<\/div>\n<\/div><\/div><\/div><\/div><div id=\"pgc-4567-4-1\"  class=\"panel-grid-cell\" ><div id=\"panel-4567-4-1-0\" class=\"so-panel widget widget_sow-editor panel-first-child\" data-index=\"8\" ><div class=\"panel-widget-style panel-widget-style-for-4567-4-1-0\" ><div\n\t\t\t\n\t\t\tclass=\"so-widget-sow-editor so-widget-sow-editor-base\"\n\t\t\t\n\t\t>\n<div class=\"siteorigin-widget-tinymce textwidget\">\n\t<h6 style=\"text-align: left;\"><span style=\"color: #253953;\">Blue Water Club - Tsimento Beach Bar - PENINSULA HOTEL<br \/>\n<\/span><\/h6>\n<\/div>\n<\/div><\/div><\/div><div id=\"panel-4567-4-1-1\" class=\"so-panel widget widget_sow-editor panel-last-child\" data-index=\"9\" ><div class=\"panel-widget-style panel-widget-style-for-4567-4-1-1\" ><div\n\t\t\t\n\t\t\tclass=\"so-widget-sow-editor so-widget-sow-editor-base\"\n\t\t\t\n\t\t>\n<div class=\"siteorigin-widget-tinymce textwidget\">\n\t<p style=\"font-size: 14px; line-height: 24px;\"><span style=\"color: #677180;\">Telefon w Tsimento Beach <strong>+30.2810.811235<\/strong><br \/>\nTelefon alarmowy <a href=\"tel: 306981084445\"><strong>+306981084445<\/strong><\/a><br \/>\nE-mail:<strong> <a href=\"mailto:info@boatrentalscrete.com\">info@boatrentalscrete.com<\/a> <\/strong><\/span><\/p>\n<p><span style=\"color: #677180;\">Pla\u017ca Tsimento w hotelu Peninsula, MONONAFTIS, 71500<\/span><\/p>\n<p style=\"font-size: 14px; line-height: 24px;\"><strong>KIERUNKI<\/strong> - <a href=\"https:\/\/www.google.com\/maps\/dir\/\/35.4144013,25.0204935\/@35.4144698,25.0197838,19z\/data=!4m2!4m1!3e0\">Jak dojecha\u0107 samochodem lub dosta\u0107 si\u0119 do naszego biura pieszo - kliknij tutaj<\/a><\/p>\n<\/div>\n<\/div><\/div><\/div><\/div><div id=\"pgc-4567-4-2\"  class=\"panel-grid-cell\" ><div id=\"panel-4567-4-2-0\" class=\"so-panel widget widget_sow-editor panel-first-child\" data-index=\"10\" ><div class=\"panel-widget-style panel-widget-style-for-4567-4-2-0\" ><div\n\t\t\t\n\t\t\tclass=\"so-widget-sow-editor so-widget-sow-editor-base\"\n\t\t\t\n\t\t>\n<div class=\"siteorigin-widget-tinymce textwidget\">\n\t<h6>Blue Water Club - Mononaftis Beach<\/h6>\n<\/div>\n<\/div><\/div><\/div><div id=\"panel-4567-4-2-1\" class=\"so-panel widget widget_sow-editor panel-last-child\" data-index=\"11\" ><div class=\"panel-widget-style panel-widget-style-for-4567-4-2-1\" ><div\n\t\t\t\n\t\t\tclass=\"so-widget-sow-editor so-widget-sow-editor-base\"\n\t\t\t\n\t\t>\n<div class=\"siteorigin-widget-tinymce textwidget\">\n\t<p style=\"font-size: 14px; line-height: 24px;\"><span style=\"color: #677180;\">Telefon w Mononaftis <strong>+30.2810.811235<\/strong><br \/>\nTelefon alarmowy <a href=\"tel: 306981084445\"><strong>+306981084445<\/strong><\/a><br \/>\nE-mail:<strong> <a href=\"mailto:info@boatrentalscrete.com\">info@boatrentalscrete.com<\/a> <\/strong><\/span><\/p>\n<p><span style=\"color: #677180;\">Pla\u017ca MONONAFTIS, 71500<\/span><\/p>\n<p style=\"font-size: 14px; line-height: 24px;\"><strong>KIERUNKI<\/strong> - <a href=\"https:\/\/www.google.com\/maps\/dir\/\/35.4164153,25.0186176\/@35.4165521,25.018455,17z\/data=!4m2!4m1!3e0\">Jak dojecha\u0107 samochodem lub dosta\u0107 si\u0119 do naszego biura pieszo - kliknij tutaj<\/a><\/p>\n<\/div>\n<\/div><\/div><\/div><\/div><div id=\"pgc-4567-4-3\"  class=\"panel-grid-cell\" ><div id=\"panel-4567-4-3-0\" class=\"so-panel widget widget_sow-editor panel-first-child\" data-index=\"12\" ><div class=\"panel-widget-style panel-widget-style-for-4567-4-3-0\" ><div\n\t\t\t\n\t\t\tclass=\"so-widget-sow-editor so-widget-sow-editor-base\"\n\t\t\t\n\t\t>\n<div class=\"siteorigin-widget-tinymce textwidget\">\n\t<h5 style=\"text-align: left;\"><span style=\"color: #253953;\">Czasy operacji<br \/>\n<\/span><\/h5>\n<\/div>\n<\/div><\/div><\/div><div id=\"panel-4567-4-3-1\" class=\"so-panel widget widget_pw_opening_time widget-opening-time panel-last-child\" data-index=\"13\" ><div class=\"panel-widget-style panel-widget-style-for-4567-4-3-1\" >\t\t\t<div class=\"opening-time\">\n\t\t\t\t\t\t\t<div class=\"opening-time__item\">\n\t\t\t\t\t<div class=\"opening-time__day\">\n\t\t\t\t\t\tPoniedzia\u0142ek - niedziela (codziennie)\t\t\t\t\t<\/div>\n\t\t\t\t\t<div class=\"opening-time__time\">\n\t\t\t\t\t\t9\u201319 godz\t\t\t\t\t<\/div>\n\t\t\t\t<\/div>\n\t\t\t\t\t\t\t<div class=\"opening-time__item\">\n\t\t\t\t\t<div class=\"opening-time__day\">\n\t\t\t\t\t\tOTWARTE: 1 kwietnia - 10 listopada\t\t\t\t\t<\/div>\n\t\t\t\t\t<div class=\"opening-time__time\">\n\t\t\t\t\t\t9\u201319 godz\t\t\t\t\t<\/div>\n\t\t\t\t<\/div>\n\t\t\t\t\t\t\t<div class=\"opening-time__item\">\n\t\t\t\t\t<div class=\"opening-time__day\">\n\t\t\t\t\t\tZim\u0105 jeste\u015bmy zamkni\u0119ci\t\t\t\t\t<\/div>\n\t\t\t\t\t<div class=\"opening-time__time\">\n\t\t\t\t\t\t\t\t\t\t\t<\/div>\n\t\t\t\t<\/div>\n\t\t\t\t\t\t<\/div>\n\t\t<\/div><\/div><\/div><\/div><\/div><div id=\"pg-4567-5\"  class=\"panel-grid panel-no-style\" ><div id=\"pgc-4567-5-0\"  class=\"panel-grid-cell\" ><div id=\"panel-4567-5-0-0\" class=\"so-panel widget widget_sow-editor panel-first-child panel-last-child\" data-index=\"14\" ><div\n\t\t\t\n\t\t\tclass=\"so-widget-sow-editor so-widget-sow-editor-base\"\n\t\t\t\n\t\t>\n<div class=\"siteorigin-widget-tinymce textwidget\">\n\t<h3 style=\"text-align: center\">Nasz zesp\u00f3\u0142<\/h3>\n<\/div>\n<\/div><\/div><\/div><\/div><div id=\"pg-4567-6\"  class=\"panel-grid panel-has-style\" ><div class=\"siteorigin-panels-stretch panel-row-style panel-row-style-for-4567-6\" data-stretch-type=\"full\" ><div id=\"pgc-4567-6-0\"  class=\"panel-grid-cell\" ><div id=\"panel-4567-6-0-0\" class=\"so-panel widget widget_pw_testimonials widget-testimonials panel-first-child panel-last-child\" data-index=\"15\" ><div class=\"panel-widget-style panel-widget-style-for-4567-6-0-0\" >\t<div class=\"testimonial\" id=\"testimonial-container-widget-6-0-0\">\n\t\t\t\t\t<img class=\"testimonial__author-avatar\" src=\"https:\/\/boatrentalscrete.com\/wp\/wp-content\/uploads\/somarakis-yannis-2-1.jpg\" alt=\"Zdj\u0119cie autora referencji\">\n\t\t\t\t<blockquote class=\"testimonial__quote\">\n\t\t\tBoatRentalsCrete.com. Yannis jest szyprem i technologiem naszej firmy. Jest do\u015bwiadczonym trenerem sport\u00f3w wodnych i nart wodnych. Zna angielski i grecki.\t\t<\/blockquote>\n\t\t<div class=\"testimonial__rating\">\n\t\t\t\t\t\t\t\t<\/div>\n\t\t<div class=\"testimonial__author-container\">\n\t\t\t<div class=\"testimonial__author-info\">\n\t\t\t\t<!-- Author Name -->\n\t\t\t\t<cite class=\"testimonial__author\">\n\t\t\t\t\tYannis Somarakis\t\t\t\t<\/cite>\n\t\t\t\t<!-- Author Description -->\n\t\t\t\t\t\t\t\t\t<div class=\"testimonial__author-description\">\n\t\t\t\t\t\tSzyper\t\t\t\t\t<\/div>\n\t\t\t\t\t\t\t<\/div>\n\t\t<\/div>\n\t<\/div>\n<\/div><\/div><\/div><div id=\"pgc-4567-6-1\"  class=\"panel-grid-cell\" ><div id=\"panel-4567-6-1-0\" class=\"so-panel widget widget_pw_testimonials widget-testimonials panel-first-child panel-last-child\" data-index=\"16\" >\t<div class=\"testimonial\" id=\"testimonial-container-widget-6-1-0\">\n\t\t\t\t\t<img class=\"testimonial__author-avatar\" src=\"https:\/\/boatrentalscrete.com\/wp\/wp-content\/uploads\/somarakis-yorgos-3-1.jpg\" alt=\"Zdj\u0119cie autora referencji\">\n\t\t\t\t<blockquote class=\"testimonial__quote\">\n\t\t\tBoatRentalsCrete.com - Yorgos jest naszym g\u0142\u00f3wnym Skipperem. M\u00f3wi po angielsku i grecku\t\t<\/blockquote>\n\t\t<div class=\"testimonial__rating\">\n\t\t\t\t\t\t\t\t<\/div>\n\t\t<div class=\"testimonial__author-container\">\n\t\t\t<div class=\"testimonial__author-info\">\n\t\t\t\t<!-- Author Name -->\n\t\t\t\t<cite class=\"testimonial__author\">\n\t\t\t\t\tYorgos Somarakis\t\t\t\t<\/cite>\n\t\t\t\t<!-- Author Description -->\n\t\t\t\t\t\t\t\t\t<div class=\"testimonial__author-description\">\n\t\t\t\t\t\tSzyper\t\t\t\t\t<\/div>\n\t\t\t\t\t\t\t<\/div>\n\t\t<\/div>\n\t<\/div>\n<\/div><\/div><div id=\"pgc-4567-6-2\"  class=\"panel-grid-cell\" ><div id=\"panel-4567-6-2-0\" class=\"so-panel widget widget_pw_testimonials widget-testimonials panel-first-child panel-last-child\" data-index=\"17\" ><div class=\"panel-widget-style panel-widget-style-for-4567-6-2-0\" >\t<div class=\"testimonial\" id=\"testimonial-container-widget-6-2-0\">\n\t\t\t\t\t<img class=\"testimonial__author-avatar\" src=\"https:\/\/boatrentalscrete.com\/wp\/wp-content\/uploads\/papadaki-sofia-3-1.jpg\" alt=\"Zdj\u0119cie autora referencji\">\n\t\t\t\t<blockquote class=\"testimonial__quote\">\n\t\t\tBoatRentalsCrete.com - Administracja, rezerwacje i obs\u0142uga klienta. Sofia m\u00f3wi po angielsku i grecku.\t\t<\/blockquote>\n\t\t<div class=\"testimonial__rating\">\n\t\t\t\t\t\t\t\t<\/div>\n\t\t<div class=\"testimonial__author-container\">\n\t\t\t<div class=\"testimonial__author-info\">\n\t\t\t\t<!-- Author Name -->\n\t\t\t\t<cite class=\"testimonial__author\">\n\t\t\t\t\tSofia Papadaki\t\t\t\t<\/cite>\n\t\t\t\t<!-- Author Description -->\n\t\t\t\t\t\t\t\t\t<div class=\"testimonial__author-description\">\n\t\t\t\t\t\tPodawanie\t\t\t\t\t<\/div>\n\t\t\t\t\t\t\t<\/div>\n\t\t<\/div>\n\t<\/div>\n<\/div><\/div><\/div><div id=\"pgc-4567-6-3\"  class=\"panel-grid-cell\" ><div id=\"panel-4567-6-3-0\" class=\"so-panel widget widget_pw_testimonials widget-testimonials panel-first-child panel-last-child\" data-index=\"18\" >\t<div class=\"testimonial\" id=\"testimonial-container-widget-6-3-0\">\n\t\t\t\t\t<img class=\"testimonial__author-avatar\" src=\"https:\/\/boatrentalscrete.com\/wp\/wp-content\/uploads\/Lukas-skipper.jpg\" alt=\"Zdj\u0119cie autora referencji\">\n\t\t\t\t<blockquote class=\"testimonial__quote\">\n\t\t\tLukas jest naszym Kapitanem - z kilkuletnim do\u015bwiadczeniem w \u017ceglarstwie. W\u0142ada j\u0119zykiem angielskim, francuskim i greckim.\t\t<\/blockquote>\n\t\t<div class=\"testimonial__rating\">\n\t\t\t\t\t\t\t\t<\/div>\n\t\t<div class=\"testimonial__author-container\">\n\t\t\t<div class=\"testimonial__author-info\">\n\t\t\t\t<!-- Author Name -->\n\t\t\t\t<cite class=\"testimonial__author\">\n\t\t\t\t\tLukas Dedis\t\t\t\t<\/cite>\n\t\t\t\t<!-- Author Description -->\n\t\t\t\t\t\t\t\t\t<div class=\"testimonial__author-description\">\n\t\t\t\t\t\tSzyper\t\t\t\t\t<\/div>\n\t\t\t\t\t\t\t<\/div>\n\t\t<\/div>\n\t<\/div>\n<\/div><\/div><\/div><\/div><\/div>","protected":false},"excerpt":{"rendered":"<p>Terms &amp; Conditions &#8211; Boat Renting Services No license is required for handling a motor boat under 30hp. Prior to renting, a control of the boat\u2019s condition is made by the customer and is delivered only if boat condition is satisfactory for the customer. The boat is delivered to the customer full of fuel. Fuel &hellip;<\/p>","protected":false},"author":1,"featured_media":0,"parent":0,"menu_order":0,"comment_status":"closed","ping_status":"closed","template":"","meta":{"footnotes":""},"categories":[],"tags":[],"acf":[],"yoast_head":"<!-- This site is optimized with the Yoast SEO plugin v21.4 - https:\/\/yoast.com\/wordpress\/plugins\/seo\/ -->\n<title>Terms &amp; Conditions for Boat Rentals &amp; Tours in Agia Pelagia<\/title>\n<meta name=\"description\" content=\"Terms &amp; Conditions for renting a boat and our boat tours in Agia Pelagia Crete - BoatRentalsCrete.com boat rental services on Crete\" \/>\n<meta name=\"robots\" content=\"index, follow, max-snippet:-1, max-image-preview:large, max-video-preview:-1\" \/>\n<link rel=\"canonical\" href=\"https:\/\/boatrentalscrete.com\/pl\/terms-conditions\/\" \/>\n<meta property=\"og:locale\" content=\"pl_PL\" \/>\n<meta property=\"og:type\" content=\"article\" \/>\n<meta property=\"og:title\" content=\"Terms &amp; Conditions for Boat Rentals &amp; Tours in Agia Pelagia\" \/>\n<meta property=\"og:description\" content=\"Terms &amp; Conditions for renting a boat and our boat tours in Agia Pelagia Crete - BoatRentalsCrete.com boat rental services on Crete\" \/>\n<meta property=\"og:url\" content=\"https:\/\/boatrentalscrete.com\/pl\/terms-conditions\/\" \/>\n<meta property=\"og:site_name\" content=\"Boat Rentals in Agia Pelagia Crete\" \/>\n<meta property=\"article:publisher\" content=\"https:\/\/www.facebook.com\/bluewaterclubboat\/\" \/>\n<meta property=\"article:modified_time\" content=\"2023-09-18T06:15:24+00:00\" \/>\n<meta name=\"twitter:card\" content=\"summary_large_image\" \/>\n<meta name=\"twitter:label1\" content=\"Szacowany czas czytania\" \/>\n\t<meta name=\"twitter:data1\" content=\"2 minuty\" \/>\n<script type=\"application\/ld+json\" class=\"yoast-schema-graph\">{\"@context\":\"https:\/\/schema.org\",\"@graph\":[{\"@type\":\"WebPage\",\"@id\":\"https:\/\/boatrentalscrete.com\/terms-conditions\/\",\"url\":\"https:\/\/boatrentalscrete.com\/terms-conditions\/\",\"name\":\"Terms & Conditions for Boat Rentals & Tours in Agia Pelagia\",\"isPartOf\":{\"@id\":\"https:\/\/boatrentalscrete.com\/#website\"},\"datePublished\":\"2020-02-24T02:13:24+00:00\",\"dateModified\":\"2023-09-18T06:15:24+00:00\",\"description\":\"Terms & Conditions for renting a boat and our boat tours in Agia Pelagia Crete - BoatRentalsCrete.com boat rental services on Crete\",\"breadcrumb\":{\"@id\":\"https:\/\/boatrentalscrete.com\/terms-conditions\/#breadcrumb\"},\"inLanguage\":\"pl-PL\",\"potentialAction\":[{\"@type\":\"ReadAction\",\"target\":[\"https:\/\/boatrentalscrete.com\/terms-conditions\/\"]}]},{\"@type\":\"BreadcrumbList\",\"@id\":\"https:\/\/boatrentalscrete.com\/terms-conditions\/#breadcrumb\",\"itemListElement\":[{\"@type\":\"ListItem\",\"position\":1,\"name\":\"Home\",\"item\":\"https:\/\/boatrentalscrete.com\/\"},{\"@type\":\"ListItem\",\"position\":2,\"name\":\"Terms &#038; Conditions &#8211; BoatRentalsCrete.com\"}]},{\"@type\":\"WebSite\",\"@id\":\"https:\/\/boatrentalscrete.com\/#website\",\"url\":\"https:\/\/boatrentalscrete.com\/\",\"name\":\"Boat Rentals in Agia Pelagia Crete\",\"description\":\"Motor Boat rentals in Agia Pelagia Crete Island GREECE\",\"publisher\":{\"@id\":\"https:\/\/boatrentalscrete.com\/#organization\"},\"potentialAction\":[{\"@type\":\"SearchAction\",\"target\":{\"@type\":\"EntryPoint\",\"urlTemplate\":\"https:\/\/boatrentalscrete.com\/?s={search_term_string}\"},\"query-input\":\"required name=search_term_string\"}],\"inLanguage\":\"pl-PL\"},{\"@type\":\"Organization\",\"@id\":\"https:\/\/boatrentalscrete.com\/#organization\",\"name\":\"Boat Rentals in Agia Pelagia Crete\",\"url\":\"https:\/\/boatrentalscrete.com\/\",\"logo\":{\"@type\":\"ImageObject\",\"inLanguage\":\"pl-PL\",\"@id\":\"https:\/\/boatrentalscrete.com\/#\/schema\/logo\/image\/\",\"url\":\"https:\/\/boats.beupset.gr\/wp-content\/uploads\/logo-brc-2-w200-h64.png\",\"contentUrl\":\"https:\/\/boats.beupset.gr\/wp-content\/uploads\/logo-brc-2-w200-h64.png\",\"width\":200,\"height\":64,\"caption\":\"Boat Rentals in Agia Pelagia Crete\"},\"image\":{\"@id\":\"https:\/\/boatrentalscrete.com\/#\/schema\/logo\/image\/\"},\"sameAs\":[\"https:\/\/www.facebook.com\/bluewaterclubboat\/\",\"https:\/\/www.instagram.com\/bluewaterclubrentaboat\/\"]}]}<\/script>\n<!-- \/ Yoast SEO plugin. -->","yoast_head_json":{"title":"Terms & Conditions for Boat Rentals & Tours in Agia Pelagia","description":"Terms & Conditions for renting a boat and our boat tours in Agia Pelagia Crete - BoatRentalsCrete.com boat rental services on Crete","robots":{"index":"index","follow":"follow","max-snippet":"max-snippet:-1","max-image-preview":"max-image-preview:large","max-video-preview":"max-video-preview:-1"},"canonical":"https:\/\/boatrentalscrete.com\/pl\/terms-conditions\/","og_locale":"pl_PL","og_type":"article","og_title":"Terms & Conditions for Boat Rentals & Tours in Agia Pelagia","og_description":"Terms & Conditions for renting a boat and our boat tours in Agia Pelagia Crete - BoatRentalsCrete.com boat rental services on Crete","og_url":"https:\/\/boatrentalscrete.com\/pl\/terms-conditions\/","og_site_name":"Boat Rentals in Agia Pelagia Crete","article_publisher":"https:\/\/www.facebook.com\/bluewaterclubboat\/","article_modified_time":"2023-09-18T06:15:24+00:00","twitter_card":"summary_large_image","twitter_misc":{"Szacowany czas czytania":"2 minuty"},"schema":{"@context":"https:\/\/schema.org","@graph":[{"@type":"WebPage","@id":"https:\/\/boatrentalscrete.com\/terms-conditions\/","url":"https:\/\/boatrentalscrete.com\/terms-conditions\/","name":"Terms & Conditions for Boat Rentals & Tours in Agia Pelagia","isPartOf":{"@id":"https:\/\/boatrentalscrete.com\/#website"},"datePublished":"2020-02-24T02:13:24+00:00","dateModified":"2023-09-18T06:15:24+00:00","description":"Terms & Conditions for renting a boat and our boat tours in Agia Pelagia Crete - BoatRentalsCrete.com boat rental services on Crete","breadcrumb":{"@id":"https:\/\/boatrentalscrete.com\/terms-conditions\/#breadcrumb"},"inLanguage":"pl-PL","potentialAction":[{"@type":"ReadAction","target":["https:\/\/boatrentalscrete.com\/terms-conditions\/"]}]},{"@type":"BreadcrumbList","@id":"https:\/\/boatrentalscrete.com\/terms-conditions\/#breadcrumb","itemListElement":[{"@type":"ListItem","position":1,"name":"Home","item":"https:\/\/boatrentalscrete.com\/"},{"@type":"ListItem","position":2,"name":"Terms &#038; Conditions &#8211; BoatRentalsCrete.com"}]},{"@type":"WebSite","@id":"https:\/\/boatrentalscrete.com\/#website","url":"https:\/\/boatrentalscrete.com\/","name":"Boat Rentals in Agia Pelagia Crete","description":"Motor Boat rentals in Agia Pelagia Crete Island GREECE","publisher":{"@id":"https:\/\/boatrentalscrete.com\/#organization"},"potentialAction":[{"@type":"SearchAction","target":{"@type":"EntryPoint","urlTemplate":"https:\/\/boatrentalscrete.com\/?s={search_term_string}"},"query-input":"required name=search_term_string"}],"inLanguage":"pl-PL"},{"@type":"Organization","@id":"https:\/\/boatrentalscrete.com\/#organization","name":"Boat Rentals in Agia Pelagia Crete","url":"https:\/\/boatrentalscrete.com\/","logo":{"@type":"ImageObject","inLanguage":"pl-PL","@id":"https:\/\/boatrentalscrete.com\/#\/schema\/logo\/image\/","url":"https:\/\/boats.beupset.gr\/wp-content\/uploads\/logo-brc-2-w200-h64.png","contentUrl":"https:\/\/boats.beupset.gr\/wp-content\/uploads\/logo-brc-2-w200-h64.png","width":200,"height":64,"caption":"Boat Rentals in Agia Pelagia Crete"},"image":{"@id":"https:\/\/boatrentalscrete.com\/#\/schema\/logo\/image\/"},"sameAs":["https:\/\/www.facebook.com\/bluewaterclubboat\/","https:\/\/www.instagram.com\/bluewaterclubrentaboat\/"]}]}},"_links":{"self":[{"href":"https:\/\/boatrentalscrete.com\/pl\/wp-json\/wp\/v2\/pages\/4567"}],"collection":[{"href":"https:\/\/boatrentalscrete.com\/pl\/wp-json\/wp\/v2\/pages"}],"about":[{"href":"https:\/\/boatrentalscrete.com\/pl\/wp-json\/wp\/v2\/types\/page"}],"author":[{"embeddable":true,"href":"https:\/\/boatrentalscrete.com\/pl\/wp-json\/wp\/v2\/users\/1"}],"replies":[{"embeddable":true,"href":"https:\/\/boatrentalscrete.com\/pl\/wp-json\/wp\/v2\/comments?post=4567"}],"version-history":[{"count":3,"href":"https:\/\/boatrentalscrete.com\/pl\/wp-json\/wp\/v2\/pages\/4567\/revisions"}],"predecessor-version":[{"id":6095,"href":"https:\/\/boatrentalscrete.com\/pl\/wp-json\/wp\/v2\/pages\/4567\/revisions\/6095"}],"wp:attachment":[{"href":"https:\/\/boatrentalscrete.com\/pl\/wp-json\/wp\/v2\/media?parent=4567"}],"wp:term":[{"taxonomy":"category","embeddable":true,"href":"https:\/\/boatrentalscrete.com\/pl\/wp-json\/wp\/v2\/categories?post=4567"},{"taxonomy":"post_tag","embeddable":true,"href":"https:\/\/boatrentalscrete.com\/pl\/wp-json\/wp\/v2\/tags?post=4567"}],"curies":[{"name":"wp","href":"https:\/\/api.w.org\/{rel}","templated":true}]}}