{"id":3,"date":"2019-07-22T16:25:12","date_gmt":"2019-07-22T13:25:12","guid":{"rendered":"https:\/\/boats.beupset.gr\/?page_id=3"},"modified":"2023-09-18T09:15:14","modified_gmt":"2023-09-18T06:15:14","slug":"privacy-policy","status":"publish","type":"page","link":"https:\/\/boatrentalscrete.com\/pl\/privacy-policy\/","title":{"rendered":"Polityka prywatno\u015bci - BoatRentalsCrete.com"},"content":{"rendered":"<div id=\"pl-3\"  class=\"panel-layout\" ><div id=\"pg-3-0\"  class=\"panel-grid panel-no-style\" ><div id=\"pgc-3-0-0\"  class=\"panel-grid-cell\" ><div id=\"panel-3-0-0-0\" class=\"so-panel widget widget_sow-editor panel-first-child panel-last-child\" data-index=\"0\" ><div\n\t\t\t\n\t\t\tclass=\"so-widget-sow-editor so-widget-sow-editor-base\"\n\t\t\t\n\t\t>\n<div class=\"siteorigin-widget-tinymce textwidget\">\n\t<p>\t<!-- wp:heading --><\/p>\n<h2>Kim jeste\u015bmy<\/h2>\n<p><!-- \/wp:heading --><\/p>\n<p><!-- wp:paragraph --><\/p>\n<p>Adres naszej strony to: <strong>www.BoatRentalsCrete.com<\/strong><\/p>\n<p><!-- \/wp:paragraph --><\/p>\n<p><!-- wp:heading --><\/p>\n<h2>Jakie dane osobowe gromadzimy i dlaczego je gromadzimy<\/h2>\n<p><!-- \/wp:heading --><\/p>\n<p><!-- wp:heading {\"level\":3} --><\/p>\n<h3>Komentarze<\/h3>\n<p><!-- \/wp:heading --><\/p>\n<p><!-- wp:paragraph --><\/p>\n<p>Gdy odwiedzaj\u0105cy zostawiaj\u0105 komentarze na stronie, zbieramy dane pokazane w formularzu komentarzy, a tak\u017ce adres IP odwiedzaj\u0105cego i ci\u0105g agenta u\u017cytkownika przegl\u0105darki, aby pom\u00f3c w wykrywaniu spamu.<\/p>\n<p><!-- \/wp:paragraph --><\/p>\n<p><!-- wp:paragraph --><\/p>\n<p>Anonimowy ci\u0105g utworzony z Twojego adresu e-mail (zwanego r\u00f3wnie\u017c skr\u00f3tem) mo\u017ce zosta\u0107 przekazany do us\u0142ugi Gravatar, aby sprawdzi\u0107, czy go u\u017cywasz. Polityka prywatno\u015bci us\u0142ugi Gravatar jest dost\u0119pna tutaj: <a href=\"https:\/\/boatrentalscrete.com\/pl\/privacy-policy\/\">https:\/\/boatrentalscrete.com\/privacy-policy\/<\/a>. Po zatwierdzeniu komentarza twoje zdj\u0119cie profilowe jest widoczne publicznie w kontek\u015bcie twojego komentarza.<\/p>\n<p><!-- \/wp:paragraph --><\/p>\n<p><!-- wp:heading {\"level\":3} --><\/p>\n<h3>G\u0142oska bezd\u017awi\u0119czna<\/h3>\n<p><!-- \/wp:heading --><\/p>\n<p><!-- wp:paragraph --><\/p>\n<p>Je\u015bli przesy\u0142asz obrazy na stron\u0119 internetow\u0105, powiniene\u015b unika\u0107 przesy\u0142ania zdj\u0119\u0107 z wbudowanymi danymi lokalizacji (EXIF GPS). Odwiedzaj\u0105cy witryn\u0119 mog\u0105 pobiera\u0107 i odczytywa\u0107 wszelkie dane o lokalizacji z obraz\u00f3w w witrynie.<\/p>\n<p><!-- \/wp:paragraph --><\/p>\n<p><!-- wp:heading {\"level\":3} --><\/p>\n<h3>Formularze kontaktowe<\/h3>\n<p><!-- \/wp:heading --><\/p>\n<p><!-- wp:heading {\"level\":3} --><\/p>\n<h3>Ciasteczka<\/h3>\n<p><!-- \/wp:heading --><\/p>\n<p><!-- wp:paragraph --><\/p>\n<p>Je\u015bli zostawisz komentarz na naszej stronie, mo\u017cesz zapisa\u0107 si\u0119 na swoje imi\u0119 i nazwisko, adres e-mail i stron\u0119 internetow\u0105 w plikach cookie. S\u0105 to dla Twojej wygody, aby\u015b nie musia\u0142 ponownie wpisywa\u0107 swoich danych, gdy zostawisz kolejny komentarz. Te pliki cookie b\u0119d\u0105 trwa\u0107 przez rok.<\/p>\n<p><!-- \/wp:paragraph --><\/p>\n<p><!-- wp:paragraph --><\/p>\n<p>Je\u015bli odwiedzisz nasz\u0105 stron\u0119 logowania, ustawimy tymczasowy plik cookie, aby ustali\u0107, czy Twoja przegl\u0105darka akceptuje pliki cookie. Ten plik cookie nie zawiera danych osobowych i jest odrzucany po zamkni\u0119ciu przegl\u0105darki.<\/p>\n<p><!-- \/wp:paragraph --><\/p>\n<p><!-- wp:paragraph --><\/p>\n<p>When you log in, we will also set up several cookies to save your login information and your screen display choices. Login cookies last for two days, and screen options cookies last for a year. If you select \"Remember Me\", your login will persist for two weeks. If you log out of your account, the login cookies will be removed.<\/p>\n<p><!-- \/wp:paragraph --><\/p>\n<p><!-- wp:paragraph --><\/p>\n<p>Je\u015bli edytujesz lub opublikujesz artyku\u0142, dodatkowy plik cookie zostanie zapisany w przegl\u0105darce. Ten plik cookie nie zawiera danych osobowych i po prostu wskazuje identyfikator wpisu w\u0142a\u015bnie edytowanego artyku\u0142u. Wygasa po 1 dniu.<\/p>\n<p><!-- \/wp:paragraph --><\/p>\n<p><!-- wp:heading {\"level\":3} --><\/p>\n<h3>Osadzone tre\u015bci z innych stron internetowych<\/h3>\n<p><!-- \/wp:heading --><\/p>\n<p><!-- wp:paragraph --><\/p>\n<p>Artyku\u0142y na tej stronie mog\u0105 zawiera\u0107 tre\u015bci osadzone (np. Filmy, obrazy, artyku\u0142y itp.). Osadzone tre\u015bci z innych stron internetowych zachowuj\u0105 si\u0119 dok\u0142adnie tak samo, jak gdyby odwiedzaj\u0105cy odwiedzi\u0142 drug\u0105 stron\u0119.<\/p>\n<p><!-- \/wp:paragraph --><\/p>\n<p><!-- wp:paragraph --><\/p>\n<p>Strony te mog\u0105 gromadzi\u0107 dane o Tobie, wykorzystywa\u0107 pliki cookie, osadza\u0107 dodatkowe \u015bledzenie stron trzecich i monitorowa\u0107 Twoj\u0105 interakcj\u0119 z tymi osadzonymi tre\u015bciami, w tym \u015bledzenie interakcji z osadzonymi tre\u015bciami, je\u015bli masz konto i jeste\u015b zalogowany na tej stronie.<\/p>\n<p><!-- \/wp:paragraph --><\/p>\n<p><!-- wp:heading {\"level\":3} --><\/p>\n<h3>Analityka<\/h3>\n<p><!-- \/wp:heading --><\/p>\n<p><!-- wp:heading --><\/p>\n<h2>Komu udost\u0119pniamy twoje dane<\/h2>\n<p><!-- \/wp:heading --><\/p>\n<p><!-- wp:heading --><\/p>\n<h2>Jak d\u0142ugo przechowujemy twoje dane<\/h2>\n<p><!-- \/wp:heading --><\/p>\n<p><!-- wp:paragraph --><\/p>\n<p>Je\u015bli zostawisz komentarz, komentarz i jego metadane zostan\u0105 zachowane na czas nieokre\u015blony. Ma to na celu automatyczne rozpoznawanie i zatwierdzanie wszelkich komentarzy uzupe\u0142niaj\u0105cych zamiast trzymania ich w kolejce moderacji.<\/p>\n<p><!-- \/wp:paragraph --><\/p>\n<p><!-- wp:paragraph --><\/p>\n<p>W przypadku u\u017cytkownik\u00f3w, kt\u00f3rzy zarejestruj\u0105 si\u0119 na naszej stronie internetowej (je\u015bli istniej\u0105), przechowujemy r\u00f3wnie\u017c dane osobowe, kt\u00f3re podaj\u0105 w swoim profilu u\u017cytkownika. Wszyscy u\u017cytkownicy mog\u0105 w dowolnym momencie wy\u015bwietla\u0107, edytowa\u0107 lub usuwa\u0107 swoje dane osobowe (z wyj\u0105tkiem sytuacji, gdy nie mog\u0105 zmieni\u0107 swojej nazwy u\u017cytkownika). Administratorzy serwisu mog\u0105 r\u00f3wnie\u017c przegl\u0105da\u0107 i edytowa\u0107 te informacje.<\/p>\n<p><!-- \/wp:paragraph --><\/p>\n<p><!-- wp:heading --><\/p>\n<h2>Jakie masz prawa do swoich danych<\/h2>\n<p><!-- \/wp:heading --><\/p>\n<p><!-- wp:paragraph --><\/p>\n<p>Je\u015bli masz konto na tej stronie lub zostawi\u0142e\u015b komentarz, mo\u017cesz poprosi\u0107 o otrzymanie wyeksportowanego pliku danych osobowych, kt\u00f3re przechowujemy na Tw\u00f3j temat, w tym wszelkich danych, kt\u00f3re nam przekaza\u0142e\u015b. Mo\u017cesz r\u00f3wnie\u017c poprosi\u0107 o usuni\u0119cie wszelkich danych osobowych, kt\u00f3re przechowujemy na Tw\u00f3j temat. Nie obejmuje to \u017cadnych danych, kt\u00f3re jeste\u015bmy zobowi\u0105zani przechowywa\u0107 do cel\u00f3w administracyjnych, prawnych lub bezpiecze\u0144stwa.<\/p>\n<p><!-- \/wp:paragraph --><\/p>\n<p><!-- wp:heading --><\/p>\n<h2>Gdzie wysy\u0142amy twoje dane<\/h2>\n<p><!-- \/wp:heading --><\/p>\n<p><!-- wp:paragraph --><\/p>\n<p>Komentarze odwiedzaj\u0105cych mog\u0105 by\u0107 sprawdzane za po\u015brednictwem us\u0142ugi automatycznego wykrywania spamu.<\/p>\n<p><!-- \/wp:paragraph --><\/p>\n<p><!-- wp:heading --><\/p>\n<h2>Twoje Informacje Kontaktowe<\/h2>\n<p><!-- \/wp:heading --><\/p>\n<p><!-- wp:heading --><\/p>\n<h2>Dodatkowe informacje<\/h2>\n<p><!-- \/wp:heading --><\/p>\n<p><!-- wp:heading {\"level\":3} --><\/p>\n<h3>Jak chronimy twoje dane<\/h3>\n<p><!-- \/wp:heading --><\/p>\n<p><!-- wp:heading {\"level\":3} --><\/p>\n<h3>Jakie mamy procedury w zakresie naruszenia danych<\/h3>\n<p><!-- \/wp:heading --><\/p>\n<p><!-- wp:heading {\"level\":3} --><\/p>\n<h3>Od jakich stron trzecich otrzymujemy dane<\/h3>\n<p><!-- \/wp:heading --><\/p>\n<p><!-- wp:heading {\"level\":3} --><\/p>\n<h3>Jakie zautomatyzowane podejmowanie decyzji i \/ lub profilowanie robimy z danymi u\u017cytkownika<\/h3>\n<p><!-- \/wp:heading --><\/p>\n<p><!-- wp:heading {\"level\":3} --><\/p>\n<h3>Przemys\u0142owe wymogi dotycz\u0105ce ujawniania informacji<\/h3>\n<p><!-- \/wp:heading --><\/p>\n<\/div>\n<\/div><\/div><\/div><\/div><\/div>","protected":false},"excerpt":{"rendered":"<p>Kim jeste\u015bmy Adres naszej strony internetowej to: www.BoatRentalsCrete.com Jakie dane osobowe zbieramy i dlaczego je zbieramy Komentarze Kiedy odwiedzaj\u0105cy zostawiaj\u0105 komentarze na stronie, zbieramy dane pokazane w formularzu komentarzy, a tak\u017ce adres IP odwiedzaj\u0105cego i u\u017cytkownika przegl\u0105darki ci\u0105g agenta u\u0142atwiaj\u0105cy wykrywanie spamu. Zanonimizowany ci\u0105g znak\u00f3w utworzony z\u2026<\/p>","protected":false},"author":1,"featured_media":0,"parent":0,"menu_order":0,"comment_status":"closed","ping_status":"closed","template":"","meta":{"footnotes":""},"categories":[],"tags":[],"acf":[],"yoast_head":"<!-- This site is optimized with the Yoast SEO plugin v21.4 - https:\/\/yoast.com\/wordpress\/plugins\/seo\/ -->\n<title>Privacy Policy - BoatRentalsCrete.com<\/title>\n<meta name=\"description\" content=\"BoatRentalsCrete.com - our Privacy Policy - Boat Rentals in Agia Pelagia Crete\" \/>\n<meta name=\"robots\" content=\"index, follow, max-snippet:-1, max-image-preview:large, max-video-preview:-1\" \/>\n<link rel=\"canonical\" href=\"https:\/\/boatrentalscrete.com\/pl\/privacy-policy\/\" \/>\n<meta property=\"og:locale\" content=\"pl_PL\" \/>\n<meta property=\"og:type\" content=\"article\" \/>\n<meta property=\"og:title\" content=\"Privacy Policy - BoatRentalsCrete.com\" \/>\n<meta property=\"og:description\" content=\"BoatRentalsCrete.com - our Privacy Policy - Boat Rentals in Agia Pelagia Crete\" \/>\n<meta property=\"og:url\" content=\"https:\/\/boatrentalscrete.com\/pl\/privacy-policy\/\" \/>\n<meta property=\"og:site_name\" content=\"Boat Rentals in Agia Pelagia Crete\" \/>\n<meta property=\"article:publisher\" content=\"https:\/\/www.facebook.com\/bluewaterclubboat\/\" \/>\n<meta property=\"article:modified_time\" content=\"2023-09-18T06:15:14+00:00\" \/>\n<meta name=\"twitter:card\" content=\"summary_large_image\" \/>\n<meta name=\"twitter:label1\" content=\"Szacowany czas czytania\" \/>\n\t<meta name=\"twitter:data1\" content=\"3 minuty\" \/>\n<script type=\"application\/ld+json\" class=\"yoast-schema-graph\">{\"@context\":\"https:\/\/schema.org\",\"@graph\":[{\"@type\":\"WebPage\",\"@id\":\"https:\/\/boatrentalscrete.com\/pl\/privacy-policy\/\",\"url\":\"https:\/\/boatrentalscrete.com\/pl\/privacy-policy\/\",\"name\":\"Privacy Policy - BoatRentalsCrete.com\",\"isPartOf\":{\"@id\":\"https:\/\/boatrentalscrete.com\/#website\"},\"datePublished\":\"2019-07-22T13:25:12+00:00\",\"dateModified\":\"2023-09-18T06:15:14+00:00\",\"description\":\"BoatRentalsCrete.com - our Privacy Policy - Boat Rentals in Agia Pelagia Crete\",\"breadcrumb\":{\"@id\":\"https:\/\/boatrentalscrete.com\/pl\/privacy-policy\/#breadcrumb\"},\"inLanguage\":\"pl-PL\",\"potentialAction\":[{\"@type\":\"ReadAction\",\"target\":[\"https:\/\/boatrentalscrete.com\/pl\/privacy-policy\/\"]}]},{\"@type\":\"BreadcrumbList\",\"@id\":\"https:\/\/boatrentalscrete.com\/pl\/privacy-policy\/#breadcrumb\",\"itemListElement\":[{\"@type\":\"ListItem\",\"position\":1,\"name\":\"Home\",\"item\":\"https:\/\/boatrentalscrete.com\/\"},{\"@type\":\"ListItem\",\"position\":2,\"name\":\"Privacy Policy &#8211; BoatRentalsCrete.com\"}]},{\"@type\":\"WebSite\",\"@id\":\"https:\/\/boatrentalscrete.com\/#website\",\"url\":\"https:\/\/boatrentalscrete.com\/\",\"name\":\"Boat Rentals in Agia Pelagia Crete\",\"description\":\"Motor Boat rentals in Agia Pelagia Crete Island GREECE\",\"publisher\":{\"@id\":\"https:\/\/boatrentalscrete.com\/#organization\"},\"potentialAction\":[{\"@type\":\"SearchAction\",\"target\":{\"@type\":\"EntryPoint\",\"urlTemplate\":\"https:\/\/boatrentalscrete.com\/?s={search_term_string}\"},\"query-input\":\"required name=search_term_string\"}],\"inLanguage\":\"pl-PL\"},{\"@type\":\"Organization\",\"@id\":\"https:\/\/boatrentalscrete.com\/#organization\",\"name\":\"Boat Rentals in Agia Pelagia Crete\",\"url\":\"https:\/\/boatrentalscrete.com\/\",\"logo\":{\"@type\":\"ImageObject\",\"inLanguage\":\"pl-PL\",\"@id\":\"https:\/\/boatrentalscrete.com\/#\/schema\/logo\/image\/\",\"url\":\"https:\/\/boats.beupset.gr\/wp-content\/uploads\/logo-brc-2-w200-h64.png\",\"contentUrl\":\"https:\/\/boats.beupset.gr\/wp-content\/uploads\/logo-brc-2-w200-h64.png\",\"width\":200,\"height\":64,\"caption\":\"Boat Rentals in Agia Pelagia Crete\"},\"image\":{\"@id\":\"https:\/\/boatrentalscrete.com\/#\/schema\/logo\/image\/\"},\"sameAs\":[\"https:\/\/www.facebook.com\/bluewaterclubboat\/\",\"https:\/\/www.instagram.com\/bluewaterclubrentaboat\/\"]}]}<\/script>\n<!-- \/ Yoast SEO plugin. -->","yoast_head_json":{"title":"Privacy Policy - BoatRentalsCrete.com","description":"BoatRentalsCrete.com - our Privacy Policy - Boat Rentals in Agia Pelagia Crete","robots":{"index":"index","follow":"follow","max-snippet":"max-snippet:-1","max-image-preview":"max-image-preview:large","max-video-preview":"max-video-preview:-1"},"canonical":"https:\/\/boatrentalscrete.com\/pl\/privacy-policy\/","og_locale":"pl_PL","og_type":"article","og_title":"Privacy Policy - BoatRentalsCrete.com","og_description":"BoatRentalsCrete.com - our Privacy Policy - Boat Rentals in Agia Pelagia Crete","og_url":"https:\/\/boatrentalscrete.com\/pl\/privacy-policy\/","og_site_name":"Boat Rentals in Agia Pelagia Crete","article_publisher":"https:\/\/www.facebook.com\/bluewaterclubboat\/","article_modified_time":"2023-09-18T06:15:14+00:00","twitter_card":"summary_large_image","twitter_misc":{"Szacowany czas czytania":"3 minuty"},"schema":{"@context":"https:\/\/schema.org","@graph":[{"@type":"WebPage","@id":"https:\/\/boatrentalscrete.com\/pl\/privacy-policy\/","url":"https:\/\/boatrentalscrete.com\/pl\/privacy-policy\/","name":"Privacy Policy - BoatRentalsCrete.com","isPartOf":{"@id":"https:\/\/boatrentalscrete.com\/#website"},"datePublished":"2019-07-22T13:25:12+00:00","dateModified":"2023-09-18T06:15:14+00:00","description":"BoatRentalsCrete.com - our Privacy Policy - Boat Rentals in Agia Pelagia Crete","breadcrumb":{"@id":"https:\/\/boatrentalscrete.com\/pl\/privacy-policy\/#breadcrumb"},"inLanguage":"pl-PL","potentialAction":[{"@type":"ReadAction","target":["https:\/\/boatrentalscrete.com\/pl\/privacy-policy\/"]}]},{"@type":"BreadcrumbList","@id":"https:\/\/boatrentalscrete.com\/pl\/privacy-policy\/#breadcrumb","itemListElement":[{"@type":"ListItem","position":1,"name":"Home","item":"https:\/\/boatrentalscrete.com\/"},{"@type":"ListItem","position":2,"name":"Privacy Policy &#8211; BoatRentalsCrete.com"}]},{"@type":"WebSite","@id":"https:\/\/boatrentalscrete.com\/#website","url":"https:\/\/boatrentalscrete.com\/","name":"Boat Rentals in Agia Pelagia Crete","description":"Motor Boat rentals in Agia Pelagia Crete Island GREECE","publisher":{"@id":"https:\/\/boatrentalscrete.com\/#organization"},"potentialAction":[{"@type":"SearchAction","target":{"@type":"EntryPoint","urlTemplate":"https:\/\/boatrentalscrete.com\/?s={search_term_string}"},"query-input":"required name=search_term_string"}],"inLanguage":"pl-PL"},{"@type":"Organization","@id":"https:\/\/boatrentalscrete.com\/#organization","name":"Boat Rentals in Agia Pelagia Crete","url":"https:\/\/boatrentalscrete.com\/","logo":{"@type":"ImageObject","inLanguage":"pl-PL","@id":"https:\/\/boatrentalscrete.com\/#\/schema\/logo\/image\/","url":"https:\/\/boats.beupset.gr\/wp-content\/uploads\/logo-brc-2-w200-h64.png","contentUrl":"https:\/\/boats.beupset.gr\/wp-content\/uploads\/logo-brc-2-w200-h64.png","width":200,"height":64,"caption":"Boat Rentals in Agia Pelagia Crete"},"image":{"@id":"https:\/\/boatrentalscrete.com\/#\/schema\/logo\/image\/"},"sameAs":["https:\/\/www.facebook.com\/bluewaterclubboat\/","https:\/\/www.instagram.com\/bluewaterclubrentaboat\/"]}]}},"_links":{"self":[{"href":"https:\/\/boatrentalscrete.com\/pl\/wp-json\/wp\/v2\/pages\/3"}],"collection":[{"href":"https:\/\/boatrentalscrete.com\/pl\/wp-json\/wp\/v2\/pages"}],"about":[{"href":"https:\/\/boatrentalscrete.com\/pl\/wp-json\/wp\/v2\/types\/page"}],"author":[{"embeddable":true,"href":"https:\/\/boatrentalscrete.com\/pl\/wp-json\/wp\/v2\/users\/1"}],"replies":[{"embeddable":true,"href":"https:\/\/boatrentalscrete.com\/pl\/wp-json\/wp\/v2\/comments?post=3"}],"version-history":[{"count":2,"href":"https:\/\/boatrentalscrete.com\/pl\/wp-json\/wp\/v2\/pages\/3\/revisions"}],"predecessor-version":[{"id":6094,"href":"https:\/\/boatrentalscrete.com\/pl\/wp-json\/wp\/v2\/pages\/3\/revisions\/6094"}],"wp:attachment":[{"href":"https:\/\/boatrentalscrete.com\/pl\/wp-json\/wp\/v2\/media?parent=3"}],"wp:term":[{"taxonomy":"category","embeddable":true,"href":"https:\/\/boatrentalscrete.com\/pl\/wp-json\/wp\/v2\/categories?post=3"},{"taxonomy":"post_tag","embeddable":true,"href":"https:\/\/boatrentalscrete.com\/pl\/wp-json\/wp\/v2\/tags?post=3"}],"curies":[{"name":"wp","href":"https:\/\/api.w.org\/{rel}","templated":true}]}}