{"id":18,"date":"2017-08-30T10:53:27","date_gmt":"2017-08-30T07:53:27","guid":{"rendered":"http:\/\/wocker.test\/?page_id=18"},"modified":"2024-03-21T11:40:57","modified_gmt":"2024-03-21T09:40:57","slug":"contact","status":"publish","type":"page","link":"https:\/\/boatrentalscrete.com\/pl\/contact\/","title":{"rendered":"REZERWUJ TERAZ"},"content":{"rendered":"<div id=\"pl-18\"  class=\"panel-layout\" ><div id=\"pg-18-0\"  class=\"panel-grid panel-has-style\" ><div class=\"panel-row-style panel-row-style-for-18-0\" ><div id=\"pgc-18-0-0\"  class=\"panel-grid-cell\" ><div id=\"panel-18-0-0-0\" class=\"so-panel widget widget_sow-editor panel-first-child panel-last-child\" data-index=\"0\" ><div class=\"panel-widget-style panel-widget-style-for-18-0-0-0\" ><div\n\t\t\t\n\t\t\tclass=\"so-widget-sow-editor so-widget-sow-editor-base\"\n\t\t\t\n\t\t>\n<div class=\"siteorigin-widget-tinymce textwidget\">\n\t<p><img decoding=\"async\" loading=\"lazy\" class=\"size-full wp-image-646 alignleft\" style=\"margin-top: 0px;\" src=\"http:\/\/growt-d5lurg.demo.freshlywp.net\/wp-content\/uploads\/2017\/08\/photo26.png\" alt=\"\" width=\"150\" height=\"150\" srcset=\"https:\/\/boatrentalscrete.com\/wp-content\/uploads\/photo26.png 150w, https:\/\/boatrentalscrete.com\/wp-content\/uploads\/photo26-100x100.png 100w\" sizes=\"(max-width: 150px) 100vw, 150px\" \/><\/p>\n<p><span style=\"text-align: left;\">\u00a0<span style=\"color: #253953;\"><a href=\"tel: 306981084445\"><strong>Telefon: +306981084445<\/strong><\/a><br \/>\n<\/span><\/span><a href=\"mailto:info@bluewaterclub.gr\" target=\"_blank\" rel=\"noopener\"><span style=\"color: #1871c9; line-height: 50px;\">info@bluewaterclub.gr<\/span><\/a><\/p>\n<\/div>\n<\/div><\/div><\/div><\/div><\/div><\/div><div id=\"pg-18-1\"  class=\"panel-grid panel-has-style\" ><div class=\"siteorigin-panels-stretch panel-row-style panel-row-style-for-18-1\" data-stretch-type=\"full\" ><div id=\"pgc-18-1-0\"  class=\"panel-grid-cell\" ><div id=\"panel-18-1-0-0\" class=\"so-panel widget widget_sow-editor panel-first-child\" data-index=\"1\" ><div\n\t\t\t\n\t\t\tclass=\"so-widget-sow-editor so-widget-sow-editor-base\"\n\t\t\t\n\t\t>\n<div class=\"siteorigin-widget-tinymce textwidget\">\n\t<p style=\"text-align: center;\"><span style=\"color: #ffffff;\">z przyjemno\u015bci\u0105 pomo\u017cemy w przypadku jakichkolwiek pyta\u0144<\/span><\/p>\n<\/div>\n<\/div><\/div><div id=\"panel-18-1-0-1\" class=\"so-panel widget widget_sow-editor\" data-index=\"2\" ><div class=\"panel-widget-style panel-widget-style-for-18-1-0-1\" ><div\n\t\t\t\n\t\t\tclass=\"so-widget-sow-editor so-widget-sow-editor-base\"\n\t\t\t\n\t\t>\n<div class=\"siteorigin-widget-tinymce textwidget\">\n\t<h1 style=\"text-align: center;\"><span style=\"color: #ffffff;\">Rezerwuj teraz<\/span><\/h1>\n<\/div>\n<\/div><\/div><\/div><div id=\"panel-18-1-0-2\" class=\"so-panel widget widget_origin_button panel-last-child\" data-index=\"3\" ><div class=\"origin-widget origin-widget-button origin-widget-button-simple-white align-center\"><a href=\"https:\/\/bluewaterclub.gr\/book\/\" >\n\tRezerwuj teraz<\/a>\n<\/div><\/div><\/div><\/div><\/div><div id=\"pg-18-2\"  class=\"panel-grid panel-no-style\" ><div id=\"pgc-18-2-0\"  class=\"panel-grid-cell panel-grid-cell-empty\" ><\/div><div id=\"pgc-18-2-1\"  class=\"panel-grid-cell panel-grid-cell-empty panel-grid-cell-mobile-last\" ><\/div><div id=\"pgc-18-2-2\"  class=\"panel-grid-cell panel-grid-cell-empty\" ><\/div><\/div><div id=\"pg-18-3\"  class=\"panel-grid panel-has-style\" ><div class=\"siteorigin-panels-stretch panel-row-style panel-row-style-for-18-3\" data-stretch-type=\"full\" ><div id=\"pgc-18-3-0\"  class=\"panel-grid-cell\" ><div id=\"panel-18-3-0-0\" class=\"so-panel widget widget_sow-editor panel-first-child panel-last-child\" data-index=\"4\" ><div class=\"panel-widget-style panel-widget-style-for-18-3-0-0\" ><div\n\t\t\t\n\t\t\tclass=\"so-widget-sow-editor so-widget-sow-editor-base\"\n\t\t\t\n\t\t>\n<div class=\"siteorigin-widget-tinymce textwidget\">\n\t<h5 style=\"text-align: center;\">Szukasz szybszej odpowiedzi? &nbsp;&nbsp;<span class=\"icon-container\"><span class=\"fa fa-comment\" style=\"color:#1871c9;\"><\/span><\/span> u\u017cyj wid\u017cetu Live Chat po lewej stronie ekranu (MESSENGER - WHATSUP)<\/h5>\n<\/div>\n<\/div><\/div><\/div><\/div><\/div><\/div><div id=\"pg-18-4\"  class=\"panel-grid panel-has-style\" ><div class=\"siteorigin-panels-stretch panel-row-style panel-row-style-for-18-4\" data-stretch-type=\"full\" ><div id=\"pgc-18-4-0\"  class=\"panel-grid-cell\" ><div id=\"panel-18-4-0-0\" class=\"so-panel widget widget_sow-editor panel-first-child\" data-index=\"5\" ><div\n\t\t\t\n\t\t\tclass=\"so-widget-sow-editor so-widget-sow-editor-base\"\n\t\t\t\n\t\t>\n<div class=\"siteorigin-widget-tinymce textwidget\">\n\t<h3 style=\"text-align: center;\">Oferujemy trzy wypo\u017cyczalnie \u0142odzi:<\/h3>\n<ul>\n<li>w Agia Pelagia Beach<\/li>\n<li>przy pla\u017cy Mononaftis<\/li>\n<li>w Mononaftis (Peninsula Hotel - Beach Bar Tsimento)<\/li>\n<\/ul>\n<\/div>\n<\/div><\/div><div id=\"panel-18-4-0-1\" class=\"so-panel widget widget_sow-google-map panel-last-child\" data-index=\"6\" ><div class=\"panel-widget-style panel-widget-style-for-18-4-0-1\" ><div\n\t\t\t\n\t\t\tclass=\"so-widget-sow-google-map so-widget-sow-google-map-default-9126bef24c15-18\"\n\t\t\t\n\t\t>\n<div class=\"sow-google-map-canvas\"\n\tstyle=\"\"\n\tid=\"map-canvas-961b16ed9fbb90cd84e0d3fe012df61e\"\n\tdata-options=\"{&quot;address&quot;:&quot;&quot;,&quot;zoom&quot;:15,&quot;mobileZoom&quot;:13,&quot;gestureHandling&quot;:&quot;cooperative&quot;,&quot;disableUi&quot;:false,&quot;keepCentered&quot;:true,&quot;markerIcon&quot;:&quot;https:\\\/\\\/boatrentalscrete.com\\\/wp-content\\\/uploads\\\/pin2.png&quot;,&quot;markersDraggable&quot;:true,&quot;markerAtCenter&quot;:true,&quot;markerInfoDisplay&quot;:&quot;click&quot;,&quot;markerInfoMultiple&quot;:true,&quot;markerPositions&quot;:[{&quot;place&quot;:&quot;35.406288, 25.017826&quot;,&quot;info&quot;:&quot;DIRECTIONS - How to drive by car or get to our office by feet - Click Here&lt;\\\/a&gt;&lt;\\\/p&gt;\\n&quot;,&quot;infoSelectedEditor&quot;:&quot;tinymce&quot;,&quot;infoMaxWidth&quot;:&quot;&quot;,&quot;customMarkerIcon&quot;:0,&quot;customMarkerIconSize&quot;:&quot;&quot;},{&quot;place&quot;:&quot;35.414368, 25.020542&quot;,&quot;info&quot;:&quot;DIRECTIONS - How to drive by car or get to our office by feet - Click Here&lt;\\\/a&gt;&lt;\\\/p&gt;\\n&quot;,&quot;infoSelectedEditor&quot;:&quot;tinymce&quot;,&quot;infoMaxWidth&quot;:&quot;&quot;,&quot;customMarkerIcon&quot;:0,&quot;customMarkerIconSize&quot;:&quot;&quot;},{&quot;place&quot;:&quot;35.416407, 25.018563&quot;,&quot;info&quot;:&quot;DIRECTIONS - How to drive by car or get to our office by feet - Click Here&lt;\\\/a&gt;&lt;\\\/p&gt;\\n&quot;,&quot;infoSelectedEditor&quot;:&quot;tinymce&quot;,&quot;infoMaxWidth&quot;:&quot;&quot;,&quot;customMarkerIcon&quot;:0,&quot;customMarkerIconSize&quot;:&quot;&quot;}],&quot;mapName&quot;:&quot;Custom Map&quot;,&quot;mapStyles&quot;:[{&quot;featureType&quot;:&quot;all&quot;,&quot;elementType&quot;:&quot;labels.text.fill&quot;,&quot;stylers&quot;:[{&quot;saturation&quot;:36},{&quot;color&quot;:&quot;#333333&quot;},{&quot;lightness&quot;:40}]},{&quot;featureType&quot;:&quot;all&quot;,&quot;elementType&quot;:&quot;labels.text.stroke&quot;,&quot;stylers&quot;:[{&quot;visibility&quot;:&quot;on&quot;},{&quot;color&quot;:&quot;#ffffff&quot;},{&quot;lightness&quot;:16}]},{&quot;featureType&quot;:&quot;all&quot;,&quot;elementType&quot;:&quot;labels.icon&quot;,&quot;stylers&quot;:[{&quot;visibility&quot;:&quot;off&quot;}]},{&quot;featureType&quot;:&quot;administrative&quot;,&quot;elementType&quot;:&quot;geometry.fill&quot;,&quot;stylers&quot;:[{&quot;color&quot;:&quot;#fefefe&quot;},{&quot;lightness&quot;:20}]},{&quot;featureType&quot;:&quot;administrative&quot;,&quot;elementType&quot;:&quot;geometry.stroke&quot;,&quot;stylers&quot;:[{&quot;color&quot;:&quot;#fefefe&quot;},{&quot;lightness&quot;:17},{&quot;weight&quot;:1.2}]},{&quot;featureType&quot;:&quot;landscape&quot;,&quot;elementType&quot;:&quot;geometry&quot;,&quot;stylers&quot;:[{&quot;color&quot;:&quot;#f5f5f5&quot;},{&quot;lightness&quot;:20}]},{&quot;featureType&quot;:&quot;poi&quot;,&quot;elementType&quot;:&quot;geometry&quot;,&quot;stylers&quot;:[{&quot;color&quot;:&quot;#f5f5f5&quot;},{&quot;lightness&quot;:21}]},{&quot;featureType&quot;:&quot;poi.park&quot;,&quot;elementType&quot;:&quot;geometry&quot;,&quot;stylers&quot;:[{&quot;color&quot;:&quot;#dedede&quot;},{&quot;lightness&quot;:21}]},{&quot;featureType&quot;:&quot;road.highway&quot;,&quot;elementType&quot;:&quot;geometry.fill&quot;,&quot;stylers&quot;:[{&quot;color&quot;:&quot;#ffffff&quot;},{&quot;lightness&quot;:17}]},{&quot;featureType&quot;:&quot;road.highway&quot;,&quot;elementType&quot;:&quot;geometry.stroke&quot;,&quot;stylers&quot;:[{&quot;color&quot;:&quot;#ffffff&quot;},{&quot;lightness&quot;:29},{&quot;weight&quot;:0.20000000000000001}]},{&quot;featureType&quot;:&quot;road.arterial&quot;,&quot;elementType&quot;:&quot;geometry&quot;,&quot;stylers&quot;:[{&quot;color&quot;:&quot;#ffffff&quot;},{&quot;lightness&quot;:18}]},{&quot;featureType&quot;:&quot;road.local&quot;,&quot;elementType&quot;:&quot;geometry&quot;,&quot;stylers&quot;:[{&quot;color&quot;:&quot;#ffffff&quot;},{&quot;lightness&quot;:16}]},{&quot;featureType&quot;:&quot;transit&quot;,&quot;elementType&quot;:&quot;geometry&quot;,&quot;stylers&quot;:[{&quot;color&quot;:&quot;#f2f2f2&quot;},{&quot;lightness&quot;:19}]},{&quot;featureType&quot;:&quot;water&quot;,&quot;elementType&quot;:&quot;geometry&quot;,&quot;stylers&quot;:[{&quot;color&quot;:&quot;#e9e9e9&quot;},{&quot;lightness&quot;:17}]},{&quot;featureType&quot;:&quot;water&quot;,&quot;elementType&quot;:&quot;geometry.fill&quot;,&quot;stylers&quot;:[{&quot;color&quot;:&quot;#c8cdd4&quot;}]}],&quot;directions&quot;:&quot;&quot;,&quot;apiKey&quot;:&quot;AIzaSyAzbPwKAlFCObDm9ds-o4ldOc0gxdoAOfo&quot;,&quot;breakpoint&quot;:780}\"\n\tdata-fallback-image=\"{&quot;img&quot;:&quot;&quot;}\"><\/div>\n<\/div><\/div><\/div><\/div><\/div><\/div><div id=\"pg-18-5\"  class=\"panel-grid panel-no-style\" ><div id=\"pgc-18-5-0\"  class=\"panel-grid-cell\" ><div id=\"panel-18-5-0-0\" class=\"so-panel widget widget_sow-editor panel-first-child\" data-index=\"7\" ><div class=\"panel-widget-style panel-widget-style-for-18-5-0-0\" ><div\n\t\t\t\n\t\t\tclass=\"so-widget-sow-editor so-widget-sow-editor-base\"\n\t\t\t\n\t\t>\n<div class=\"siteorigin-widget-tinymce textwidget\">\n\t<h5 style=\"text-align: left\">PLA\u017bA AGIA PELAGIA<\/h5>\n<\/div>\n<\/div><\/div><\/div><div id=\"panel-18-5-0-1\" class=\"so-panel widget widget_sow-editor panel-last-child\" data-index=\"8\" ><div class=\"panel-widget-style panel-widget-style-for-18-5-0-1\" ><div\n\t\t\t\n\t\t\tclass=\"so-widget-sow-editor so-widget-sow-editor-base\"\n\t\t\t\n\t\t>\n<div class=\"siteorigin-widget-tinymce textwidget\">\n\t<p>&nbsp;<\/p>\n<p style=\"font-size: 14px; line-height: 24px;\"><span style=\"color: #677180;\">Telefon +30 2810 811235<br \/>\n<\/span><span style=\"color: #677180;\">E-mail: <a href=\"mailto:info@bluewaterclub.gr\"> info@bluewaterclub.gr<\/a><br \/>\n<\/span>GR<\/p>\n<p style=\"font-size: 14px; line-height: 24px;\"><strong>KIERUNKI - <a href=\"https:\/\/www.google.com\/maps\/dir\/\/bluewaterclub+greece\/@35.4065669,25.0175259,17.07z\/data=!4m8!4m7!1m0!1m5!1m1!1s0x149a519944525ea9:0x7412bf6e140a53a7!2m2!1d25.017699!2d35.4062736\">Jak dojecha\u0107 samochodem lub dosta\u0107 si\u0119 do naszego biura pieszo - kliknij tutaj<\/a><\/strong><\/p>\n<\/div>\n<\/div><\/div><\/div><\/div><div id=\"pgc-18-5-1\"  class=\"panel-grid-cell\" ><div id=\"panel-18-5-1-0\" class=\"so-panel widget widget_sow-editor panel-first-child\" data-index=\"9\" ><div class=\"panel-widget-style panel-widget-style-for-18-5-1-0\" ><div\n\t\t\t\n\t\t\tclass=\"so-widget-sow-editor so-widget-sow-editor-base\"\n\t\t\t\n\t\t>\n<div class=\"siteorigin-widget-tinymce textwidget\">\n\t<h5 style=\"text-align: left\">PLA\u017bA MONONAFTIS<\/h5>\n<\/div>\n<\/div><\/div><\/div><div id=\"panel-18-5-1-1\" class=\"so-panel widget widget_sow-editor panel-last-child\" data-index=\"10\" ><div class=\"panel-widget-style panel-widget-style-for-18-5-1-1\" ><div\n\t\t\t\n\t\t\tclass=\"so-widget-sow-editor so-widget-sow-editor-base\"\n\t\t\t\n\t\t>\n<div class=\"siteorigin-widget-tinymce textwidget\">\n\t<p>&nbsp;<\/p>\n<p style=\"font-size: 14px; line-height: 24px;\"><span style=\"color: #677180;\">Telefon +30 2810 811235<br \/>\n<\/span><span style=\"color: #677180;\">E-mail: <a href=\"mailto:info@bluewaterclub.gr\"> info@bluewaterclub.gr<\/a><br \/>\n<\/span>GR<\/p>\n<p style=\"font-size: 14px; line-height: 24px;\"><strong>KIERUNKI - <a href=\"https:\/\/www.google.com\/maps\/dir\/\/35.4164153,25.0186176\/@35.4165521,25.018455,17z\/data=!4m2!4m1!3e0\">Jak dojecha\u0107 samochodem lub dosta\u0107 si\u0119 do naszego biura pieszo - kliknij tutaj<\/a><\/strong><\/p>\n<\/div>\n<\/div><\/div><\/div><\/div><div id=\"pgc-18-5-2\"  class=\"panel-grid-cell\" ><div id=\"panel-18-5-2-0\" class=\"so-panel widget widget_sow-editor panel-first-child\" data-index=\"11\" ><div class=\"panel-widget-style panel-widget-style-for-18-5-2-0\" ><div\n\t\t\t\n\t\t\tclass=\"so-widget-sow-editor so-widget-sow-editor-base\"\n\t\t\t\n\t\t>\n<div class=\"siteorigin-widget-tinymce textwidget\">\n\t<h5 style=\"text-align: left;\">Hotel PENINSULA<\/h5>\n<\/div>\n<\/div><\/div><\/div><div id=\"panel-18-5-2-1\" class=\"so-panel widget widget_sow-editor panel-last-child\" data-index=\"12\" ><div class=\"panel-widget-style panel-widget-style-for-18-5-2-1\" ><div\n\t\t\t\n\t\t\tclass=\"so-widget-sow-editor so-widget-sow-editor-base\"\n\t\t\t\n\t\t>\n<div class=\"siteorigin-widget-tinymce textwidget\">\n\t<p>&nbsp;<\/p>\n<p style=\"font-size: 14px; line-height: 24px;\"><span style=\"color: #677180;\">Telefon +30 2810 811235<br \/>\n<\/span><span style=\"color: #677180;\">E-mail: <a href=\"mailto:info@bluewaterclub.gr\">\u00a0info@bluewaterclub.gr<\/a><br \/>\n<\/span>GR<\/p>\n<p style=\"font-size: 14px; line-height: 24px;\"><strong>KIERUNKI - <a href=\"https:\/\/www.google.com\/maps\/dir\/\/35.4144013,25.0204935\/@35.4144698,25.0197838,19z\/data=!4m2!4m1!3e0\">Jak dojecha\u0107 samochodem lub dosta\u0107 si\u0119 do naszego biura pieszo - kliknij tutaj<\/a><\/strong><\/p>\n<\/div>\n<\/div><\/div><\/div><\/div><\/div><\/div>","protected":false},"excerpt":{"rendered":"<p>\u00a0Phone: +306981084445 info@bluewaterclub.gr we will be glad to assist you for any inquires Book Now<\/p>","protected":false},"author":1,"featured_media":0,"parent":0,"menu_order":0,"comment_status":"closed","ping_status":"closed","template":"","meta":{"footnotes":""},"categories":[],"tags":[],"acf":[],"yoast_head":"<!-- This site is optimized with the Yoast SEO plugin v21.4 - https:\/\/yoast.com\/wordpress\/plugins\/seo\/ -->\n<title>Contact us - Boat Rentals &amp; Boat Trips in Agia Pelagia Crete<\/title>\n<meta name=\"description\" content=\"Boat Rentals in Agia Pelagia Crete. Contact details for Boat Rentals Crete rental boat agency. Rent a boat in Agia Pelagia Crete\" \/>\n<meta name=\"robots\" content=\"index, follow, max-snippet:-1, max-image-preview:large, max-video-preview:-1\" \/>\n<link rel=\"canonical\" href=\"https:\/\/boatrentalscrete.com\/pl\/contact\/\" \/>\n<meta property=\"og:locale\" content=\"pl_PL\" \/>\n<meta property=\"og:type\" content=\"article\" \/>\n<meta property=\"og:title\" content=\"Contact us - Boat Rentals &amp; Boat Trips in Agia Pelagia Crete\" \/>\n<meta property=\"og:description\" content=\"Boat Rentals in Agia Pelagia Crete. Contact details for Boat Rentals Crete rental boat agency. Rent a boat in Agia Pelagia Crete\" \/>\n<meta property=\"og:url\" content=\"https:\/\/boatrentalscrete.com\/pl\/contact\/\" \/>\n<meta property=\"og:site_name\" content=\"Boat Rentals in Agia Pelagia Crete\" \/>\n<meta property=\"article:publisher\" content=\"https:\/\/www.facebook.com\/bluewaterclubboat\/\" \/>\n<meta property=\"article:modified_time\" content=\"2024-03-21T09:40:57+00:00\" \/>\n<meta property=\"og:image\" content=\"http:\/\/growt-d5lurg.demo.freshlywp.net\/wp-content\/uploads\/2017\/08\/photo26.png\" \/>\n<meta name=\"twitter:card\" content=\"summary_large_image\" \/>\n<meta name=\"twitter:label1\" content=\"Szacowany czas czytania\" \/>\n\t<meta name=\"twitter:data1\" content=\"3 minuty\" \/>\n<script type=\"application\/ld+json\" class=\"yoast-schema-graph\">{\"@context\":\"https:\/\/schema.org\",\"@graph\":[{\"@type\":\"WebPage\",\"@id\":\"https:\/\/boatrentalscrete.com\/ru\/contact\/\",\"url\":\"https:\/\/boatrentalscrete.com\/ru\/contact\/\",\"name\":\"Contact us - Boat Rentals & Boat Trips in Agia Pelagia Crete\",\"isPartOf\":{\"@id\":\"https:\/\/boatrentalscrete.com\/#website\"},\"datePublished\":\"2017-08-30T07:53:27+00:00\",\"dateModified\":\"2024-03-21T09:40:57+00:00\",\"description\":\"Boat Rentals in Agia Pelagia Crete. Contact details for Boat Rentals Crete rental boat agency. Rent a boat in Agia Pelagia Crete\",\"breadcrumb\":{\"@id\":\"https:\/\/boatrentalscrete.com\/ru\/contact\/#breadcrumb\"},\"inLanguage\":\"pl-PL\",\"potentialAction\":[{\"@type\":\"ReadAction\",\"target\":[\"https:\/\/boatrentalscrete.com\/ru\/contact\/\"]}]},{\"@type\":\"BreadcrumbList\",\"@id\":\"https:\/\/boatrentalscrete.com\/ru\/contact\/#breadcrumb\",\"itemListElement\":[{\"@type\":\"ListItem\",\"position\":1,\"name\":\"Home\",\"item\":\"https:\/\/boatrentalscrete.com\/\"},{\"@type\":\"ListItem\",\"position\":2,\"name\":\"BOOK NOW\"}]},{\"@type\":\"WebSite\",\"@id\":\"https:\/\/boatrentalscrete.com\/#website\",\"url\":\"https:\/\/boatrentalscrete.com\/\",\"name\":\"Boat Rentals in Agia Pelagia Crete\",\"description\":\"Motor Boat rentals in Agia Pelagia Crete Island GREECE\",\"publisher\":{\"@id\":\"https:\/\/boatrentalscrete.com\/#organization\"},\"potentialAction\":[{\"@type\":\"SearchAction\",\"target\":{\"@type\":\"EntryPoint\",\"urlTemplate\":\"https:\/\/boatrentalscrete.com\/?s={search_term_string}\"},\"query-input\":\"required name=search_term_string\"}],\"inLanguage\":\"pl-PL\"},{\"@type\":\"Organization\",\"@id\":\"https:\/\/boatrentalscrete.com\/#organization\",\"name\":\"Boat Rentals in Agia Pelagia Crete\",\"url\":\"https:\/\/boatrentalscrete.com\/\",\"logo\":{\"@type\":\"ImageObject\",\"inLanguage\":\"pl-PL\",\"@id\":\"https:\/\/boatrentalscrete.com\/#\/schema\/logo\/image\/\",\"url\":\"https:\/\/boats.beupset.gr\/wp-content\/uploads\/logo-brc-2-w200-h64.png\",\"contentUrl\":\"https:\/\/boats.beupset.gr\/wp-content\/uploads\/logo-brc-2-w200-h64.png\",\"width\":200,\"height\":64,\"caption\":\"Boat Rentals in Agia Pelagia Crete\"},\"image\":{\"@id\":\"https:\/\/boatrentalscrete.com\/#\/schema\/logo\/image\/\"},\"sameAs\":[\"https:\/\/www.facebook.com\/bluewaterclubboat\/\",\"https:\/\/www.instagram.com\/bluewaterclubrentaboat\/\"]}]}<\/script>\n<!-- \/ Yoast SEO plugin. -->","yoast_head_json":{"title":"Contact us - Boat Rentals & Boat Trips in Agia Pelagia Crete","description":"Boat Rentals in Agia Pelagia Crete. Contact details for Boat Rentals Crete rental boat agency. Rent a boat in Agia Pelagia Crete","robots":{"index":"index","follow":"follow","max-snippet":"max-snippet:-1","max-image-preview":"max-image-preview:large","max-video-preview":"max-video-preview:-1"},"canonical":"https:\/\/boatrentalscrete.com\/pl\/contact\/","og_locale":"pl_PL","og_type":"article","og_title":"Contact us - Boat Rentals & Boat Trips in Agia Pelagia Crete","og_description":"Boat Rentals in Agia Pelagia Crete. Contact details for Boat Rentals Crete rental boat agency. Rent a boat in Agia Pelagia Crete","og_url":"https:\/\/boatrentalscrete.com\/pl\/contact\/","og_site_name":"Boat Rentals in Agia Pelagia Crete","article_publisher":"https:\/\/www.facebook.com\/bluewaterclubboat\/","article_modified_time":"2024-03-21T09:40:57+00:00","og_image":[{"url":"http:\/\/growt-d5lurg.demo.freshlywp.net\/wp-content\/uploads\/2017\/08\/photo26.png"}],"twitter_card":"summary_large_image","twitter_misc":{"Szacowany czas czytania":"3 minuty"},"schema":{"@context":"https:\/\/schema.org","@graph":[{"@type":"WebPage","@id":"https:\/\/boatrentalscrete.com\/ru\/contact\/","url":"https:\/\/boatrentalscrete.com\/ru\/contact\/","name":"Contact us - Boat Rentals & Boat Trips in Agia Pelagia Crete","isPartOf":{"@id":"https:\/\/boatrentalscrete.com\/#website"},"datePublished":"2017-08-30T07:53:27+00:00","dateModified":"2024-03-21T09:40:57+00:00","description":"Boat Rentals in Agia Pelagia Crete. Contact details for Boat Rentals Crete rental boat agency. Rent a boat in Agia Pelagia Crete","breadcrumb":{"@id":"https:\/\/boatrentalscrete.com\/ru\/contact\/#breadcrumb"},"inLanguage":"pl-PL","potentialAction":[{"@type":"ReadAction","target":["https:\/\/boatrentalscrete.com\/ru\/contact\/"]}]},{"@type":"BreadcrumbList","@id":"https:\/\/boatrentalscrete.com\/ru\/contact\/#breadcrumb","itemListElement":[{"@type":"ListItem","position":1,"name":"Home","item":"https:\/\/boatrentalscrete.com\/"},{"@type":"ListItem","position":2,"name":"BOOK NOW"}]},{"@type":"WebSite","@id":"https:\/\/boatrentalscrete.com\/#website","url":"https:\/\/boatrentalscrete.com\/","name":"Boat Rentals in Agia Pelagia Crete","description":"Motor Boat rentals in Agia Pelagia Crete Island GREECE","publisher":{"@id":"https:\/\/boatrentalscrete.com\/#organization"},"potentialAction":[{"@type":"SearchAction","target":{"@type":"EntryPoint","urlTemplate":"https:\/\/boatrentalscrete.com\/?s={search_term_string}"},"query-input":"required name=search_term_string"}],"inLanguage":"pl-PL"},{"@type":"Organization","@id":"https:\/\/boatrentalscrete.com\/#organization","name":"Boat Rentals in Agia Pelagia Crete","url":"https:\/\/boatrentalscrete.com\/","logo":{"@type":"ImageObject","inLanguage":"pl-PL","@id":"https:\/\/boatrentalscrete.com\/#\/schema\/logo\/image\/","url":"https:\/\/boats.beupset.gr\/wp-content\/uploads\/logo-brc-2-w200-h64.png","contentUrl":"https:\/\/boats.beupset.gr\/wp-content\/uploads\/logo-brc-2-w200-h64.png","width":200,"height":64,"caption":"Boat Rentals in Agia Pelagia Crete"},"image":{"@id":"https:\/\/boatrentalscrete.com\/#\/schema\/logo\/image\/"},"sameAs":["https:\/\/www.facebook.com\/bluewaterclubboat\/","https:\/\/www.instagram.com\/bluewaterclubrentaboat\/"]}]}},"_links":{"self":[{"href":"https:\/\/boatrentalscrete.com\/pl\/wp-json\/wp\/v2\/pages\/18"}],"collection":[{"href":"https:\/\/boatrentalscrete.com\/pl\/wp-json\/wp\/v2\/pages"}],"about":[{"href":"https:\/\/boatrentalscrete.com\/pl\/wp-json\/wp\/v2\/types\/page"}],"author":[{"embeddable":true,"href":"https:\/\/boatrentalscrete.com\/pl\/wp-json\/wp\/v2\/users\/1"}],"replies":[{"embeddable":true,"href":"https:\/\/boatrentalscrete.com\/pl\/wp-json\/wp\/v2\/comments?post=18"}],"version-history":[{"count":46,"href":"https:\/\/boatrentalscrete.com\/pl\/wp-json\/wp\/v2\/pages\/18\/revisions"}],"predecessor-version":[{"id":6251,"href":"https:\/\/boatrentalscrete.com\/pl\/wp-json\/wp\/v2\/pages\/18\/revisions\/6251"}],"wp:attachment":[{"href":"https:\/\/boatrentalscrete.com\/pl\/wp-json\/wp\/v2\/media?parent=18"}],"wp:term":[{"taxonomy":"category","embeddable":true,"href":"https:\/\/boatrentalscrete.com\/pl\/wp-json\/wp\/v2\/categories?post=18"},{"taxonomy":"post_tag","embeddable":true,"href":"https:\/\/boatrentalscrete.com\/pl\/wp-json\/wp\/v2\/tags?post=18"}],"curies":[{"name":"wp","href":"https:\/\/api.w.org\/{rel}","templated":true}]}}