{"id":3,"date":"2019-07-22T16:25:12","date_gmt":"2019-07-22T13:25:12","guid":{"rendered":"https:\/\/boats.beupset.gr\/?page_id=3"},"modified":"2023-09-18T09:15:14","modified_gmt":"2023-09-18T06:15:14","slug":"privacy-policy","status":"publish","type":"page","link":"https:\/\/boatrentalscrete.com\/fr\/privacy-policy\/","title":{"rendered":"Politique de confidentialit\u00e9 - BoatRentalsCrete.com"},"content":{"rendered":"<div id=\"pl-3\"  class=\"panel-layout\" ><div id=\"pg-3-0\"  class=\"panel-grid panel-no-style\" ><div id=\"pgc-3-0-0\"  class=\"panel-grid-cell\" ><div id=\"panel-3-0-0-0\" class=\"so-panel widget widget_sow-editor panel-first-child panel-last-child\" data-index=\"0\" ><div\n\t\t\t\n\t\t\tclass=\"so-widget-sow-editor so-widget-sow-editor-base\"\n\t\t\t\n\t\t>\n<div class=\"siteorigin-widget-tinymce textwidget\">\n\t<p>\t<!-- wp:heading --><\/p>\n<h2>Qui nous sommes<\/h2>\n<p><!-- \/wp:heading --><\/p>\n<p><!-- wp:paragraph --><\/p>\n<p>L&#039;adresse de notre site Web est: <strong>www.BoatRentalsCrete.com<\/strong><\/p>\n<p><!-- \/wp:paragraph --><\/p>\n<p><!-- wp:heading --><\/p>\n<h2>Quelles donn\u00e9es personnelles nous collectons et pourquoi nous les collectons<\/h2>\n<p><!-- \/wp:heading --><\/p>\n<p><!-- wp:heading {\"level\":3} --><\/p>\n<h3>commentaires<\/h3>\n<p><!-- \/wp:heading --><\/p>\n<p><!-- wp:paragraph --><\/p>\n<p>Lorsque les visiteurs laissent des commentaires sur le site, nous collectons les donn\u00e9es affich\u00e9es dans le formulaire de commentaires, ainsi que l&#039;adresse IP du visiteur et la cha\u00eene d&#039;agent utilisateur du navigateur pour aider \u00e0 la d\u00e9tection du spam.<\/p>\n<p><!-- \/wp:paragraph --><\/p>\n<p><!-- wp:paragraph --><\/p>\n<p>Une cha\u00eene anonyme cr\u00e9\u00e9e \u00e0 partir de votre adresse e-mail (\u00e9galement appel\u00e9e hachage) peut \u00eatre fournie au service Gravatar pour voir si vous l&#039;utilisez. La politique de confidentialit\u00e9 du service Gravatar est disponible ici: <a href=\"https:\/\/boatrentalscrete.com\/fr\/privacy-policy\/\">https:\/\/boatrentalscrete.com\/privacy-policy\/<\/a>. Apr\u00e8s approbation de votre commentaire, votre photo de profil est visible par le public dans le contexte de votre commentaire.<\/p>\n<p><!-- \/wp:paragraph --><\/p>\n<p><!-- wp:heading {\"level\":3} --><\/p>\n<h3>M\u00e9dias<\/h3>\n<p><!-- \/wp:heading --><\/p>\n<p><!-- wp:paragraph --><\/p>\n<p>Si vous t\u00e9l\u00e9chargez des images sur le site Web, vous devez \u00e9viter de t\u00e9l\u00e9charger des images avec des donn\u00e9es de localisation int\u00e9gr\u00e9es (EXIF GPS) incluses. Les visiteurs du site Web peuvent t\u00e9l\u00e9charger et extraire toutes les donn\u00e9es de localisation \u00e0 partir d&#039;images sur le site Web.<\/p>\n<p><!-- \/wp:paragraph --><\/p>\n<p><!-- wp:heading {\"level\":3} --><\/p>\n<h3>Formulaires de contact<\/h3>\n<p><!-- \/wp:heading --><\/p>\n<p><!-- wp:heading {\"level\":3} --><\/p>\n<h3>Biscuits<\/h3>\n<p><!-- \/wp:heading --><\/p>\n<p><!-- wp:paragraph --><\/p>\n<p>Si vous laissez un commentaire sur notre site, vous pouvez choisir d&#039;enregistrer votre nom, votre adresse e-mail et votre site Web dans des cookies. Ce sont pour votre commodit\u00e9 afin que vous n&#039;ayez pas \u00e0 saisir \u00e0 nouveau vos coordonn\u00e9es lorsque vous laissez un autre commentaire. Ces cookies dureront un an.<\/p>\n<p><!-- \/wp:paragraph --><\/p>\n<p><!-- wp:paragraph --><\/p>\n<p>Si vous visitez notre page de connexion, nous installerons un cookie temporaire pour d\u00e9terminer si votre navigateur accepte les cookies. Ce cookie ne contient aucune donn\u00e9e personnelle et est supprim\u00e9 lorsque vous fermez votre navigateur.<\/p>\n<p><!-- \/wp:paragraph --><\/p>\n<p><!-- wp:paragraph --><\/p>\n<p>When you log in, we will also set up several cookies to save your login information and your screen display choices. Login cookies last for two days, and screen options cookies last for a year. If you select \"Remember Me\", your login will persist for two weeks. If you log out of your account, the login cookies will be removed.<\/p>\n<p><!-- \/wp:paragraph --><\/p>\n<p><!-- wp:paragraph --><\/p>\n<p>Si vous modifiez ou publiez un article, un cookie suppl\u00e9mentaire sera enregistr\u00e9 dans votre navigateur. Ce cookie ne contient aucune donn\u00e9e personnelle et indique simplement l&#039;identifiant de l&#039;article que vous venez de modifier. Il expire apr\u00e8s 1 jour.<\/p>\n<p><!-- \/wp:paragraph --><\/p>\n<p><!-- wp:heading {\"level\":3} --><\/p>\n<h3>Contenu int\u00e9gr\u00e9 provenant d&#039;autres sites Web<\/h3>\n<p><!-- \/wp:heading --><\/p>\n<p><!-- wp:paragraph --><\/p>\n<p>Les articles de ce site peuvent inclure du contenu int\u00e9gr\u00e9 (par exemple des vid\u00e9os, des images, des articles, etc.). Le contenu int\u00e9gr\u00e9 provenant d&#039;autres sites Web se comporte exactement de la m\u00eame mani\u00e8re que si le visiteur avait visit\u00e9 l&#039;autre site Web.<\/p>\n<p><!-- \/wp:paragraph --><\/p>\n<p><!-- wp:paragraph --><\/p>\n<p>Ces sites Web peuvent collecter des donn\u00e9es sur vous, utiliser des cookies, int\u00e9grer un suivi tiers suppl\u00e9mentaire et surveiller votre interaction avec ce contenu int\u00e9gr\u00e9, y compris le suivi de votre interaction avec le contenu int\u00e9gr\u00e9 si vous avez un compte et \u00eates connect\u00e9 \u00e0 ce site Web.<\/p>\n<p><!-- \/wp:paragraph --><\/p>\n<p><!-- wp:heading {\"level\":3} --><\/p>\n<h3>Analytique<\/h3>\n<p><!-- \/wp:heading --><\/p>\n<p><!-- wp:heading --><\/p>\n<h2>Avec qui partageons-nous vos donn\u00e9es<\/h2>\n<p><!-- \/wp:heading --><\/p>\n<p><!-- wp:heading --><\/p>\n<h2>Combien de temps nous conservons vos donn\u00e9es<\/h2>\n<p><!-- \/wp:heading --><\/p>\n<p><!-- wp:paragraph --><\/p>\n<p>Si vous laissez un commentaire, le commentaire et ses m\u00e9tadonn\u00e9es sont conserv\u00e9s ind\u00e9finiment. Nous pouvons ainsi reconna\u00eetre et approuver automatiquement tous les commentaires de suivi au lieu de les conserver dans une file d&#039;attente de mod\u00e9ration.<\/p>\n<p><!-- \/wp:paragraph --><\/p>\n<p><!-- wp:paragraph --><\/p>\n<p>Pour les utilisateurs qui s&#039;inscrivent sur notre site Web (le cas \u00e9ch\u00e9ant), nous stockons \u00e9galement les informations personnelles qu&#039;ils fournissent dans leur profil d&#039;utilisateur. Tous les utilisateurs peuvent voir, modifier ou supprimer leurs informations personnelles \u00e0 tout moment (sauf qu&#039;ils ne peuvent pas changer leur nom d&#039;utilisateur). Les administrateurs de sites Web peuvent \u00e9galement voir et modifier ces informations.<\/p>\n<p><!-- \/wp:paragraph --><\/p>\n<p><!-- wp:heading --><\/p>\n<h2>Quels droits vous avez sur vos donn\u00e9es<\/h2>\n<p><!-- \/wp:heading --><\/p>\n<p><!-- wp:paragraph --><\/p>\n<p>Si vous avez un compte sur ce site, ou avez laiss\u00e9 des commentaires, vous pouvez demander \u00e0 recevoir un fichier export\u00e9 des donn\u00e9es personnelles que nous d\u00e9tenons \u00e0 votre sujet, y compris toutes les donn\u00e9es que vous nous avez fournies. Vous pouvez \u00e9galement demander que nous effacions toutes les donn\u00e9es personnelles que nous d\u00e9tenons \u00e0 votre sujet. Cela n&#039;inclut pas les donn\u00e9es que nous sommes oblig\u00e9s de conserver \u00e0 des fins administratives, juridiques ou de s\u00e9curit\u00e9.<\/p>\n<p><!-- \/wp:paragraph --><\/p>\n<p><!-- wp:heading --><\/p>\n<h2>O\u00f9 nous envoyons vos donn\u00e9es<\/h2>\n<p><!-- \/wp:heading --><\/p>\n<p><!-- wp:paragraph --><\/p>\n<p>Les commentaires des visiteurs peuvent \u00eatre v\u00e9rifi\u00e9s via un service de d\u00e9tection de spam automatis\u00e9.<\/p>\n<p><!-- \/wp:paragraph --><\/p>\n<p><!-- wp:heading --><\/p>\n<h2>Vos coordonn\u00e9es<\/h2>\n<p><!-- \/wp:heading --><\/p>\n<p><!-- wp:heading --><\/p>\n<h2>Information additionnelle<\/h2>\n<p><!-- \/wp:heading --><\/p>\n<p><!-- wp:heading {\"level\":3} --><\/p>\n<h3>Comment nous prot\u00e9geons vos donn\u00e9es<\/h3>\n<p><!-- \/wp:heading --><\/p>\n<p><!-- wp:heading {\"level\":3} --><\/p>\n<h3>Quelles proc\u00e9dures de violation de donn\u00e9es nous avons en place<\/h3>\n<p><!-- \/wp:heading --><\/p>\n<p><!-- wp:heading {\"level\":3} --><\/p>\n<h3>De quels tiers nous recevons des donn\u00e9es<\/h3>\n<p><!-- \/wp:heading --><\/p>\n<p><!-- wp:heading {\"level\":3} --><\/p>\n<h3>Quelle prise de d\u00e9cision automatis\u00e9e et \/ ou profilage nous faisons avec les donn\u00e9es des utilisateurs<\/h3>\n<p><!-- \/wp:heading --><\/p>\n<p><!-- wp:heading {\"level\":3} --><\/p>\n<h3>Exigences de divulgation r\u00e9glementaire de l&#039;industrie<\/h3>\n<p><!-- \/wp:heading --><\/p>\n<\/div>\n<\/div><\/div><\/div><\/div><\/div>","protected":false},"excerpt":{"rendered":"<p>Qui nous sommes L&#039;adresse de notre site Web est : www.BoatRentalsCrete.com Quelles donn\u00e9es personnelles nous collectons et pourquoi nous les collectons Commentaires Lorsque les visiteurs laissent des commentaires sur le site, nous collectons les donn\u00e9es affich\u00e9es dans le formulaire de commentaires, ainsi que l&#039;adresse IP du visiteur et l&#039;utilisateur du navigateur cha\u00eene d&#039;agent pour aider \u00e0 la d\u00e9tection de spam. Une cha\u00eene anonymis\u00e9e cr\u00e9\u00e9e \u00e0 partir de\u2026<\/p>","protected":false},"author":1,"featured_media":0,"parent":0,"menu_order":0,"comment_status":"closed","ping_status":"closed","template":"","meta":{"footnotes":""},"categories":[],"tags":[],"acf":[],"yoast_head":"<!-- This site is optimized with the Yoast SEO plugin v21.4 - https:\/\/yoast.com\/wordpress\/plugins\/seo\/ -->\n<title>Privacy Policy - BoatRentalsCrete.com<\/title>\n<meta name=\"description\" content=\"BoatRentalsCrete.com - our Privacy Policy - Boat Rentals in Agia Pelagia Crete\" \/>\n<meta name=\"robots\" content=\"index, follow, max-snippet:-1, max-image-preview:large, max-video-preview:-1\" \/>\n<link rel=\"canonical\" href=\"https:\/\/boatrentalscrete.com\/fr\/privacy-policy\/\" \/>\n<meta property=\"og:locale\" content=\"fr_FR\" \/>\n<meta property=\"og:type\" content=\"article\" \/>\n<meta property=\"og:title\" content=\"Privacy Policy - BoatRentalsCrete.com\" \/>\n<meta property=\"og:description\" content=\"BoatRentalsCrete.com - our Privacy Policy - Boat Rentals in Agia Pelagia Crete\" \/>\n<meta property=\"og:url\" content=\"https:\/\/boatrentalscrete.com\/fr\/privacy-policy\/\" \/>\n<meta property=\"og:site_name\" content=\"Boat Rentals in Agia Pelagia Crete\" \/>\n<meta property=\"article:publisher\" content=\"https:\/\/www.facebook.com\/bluewaterclubboat\/\" \/>\n<meta property=\"article:modified_time\" content=\"2023-09-18T06:15:14+00:00\" \/>\n<meta name=\"twitter:card\" content=\"summary_large_image\" \/>\n<meta name=\"twitter:label1\" content=\"Dur\u00e9e de lecture estim\u00e9e\" \/>\n\t<meta name=\"twitter:data1\" content=\"3 minutes\" \/>\n<script type=\"application\/ld+json\" class=\"yoast-schema-graph\">{\"@context\":\"https:\/\/schema.org\",\"@graph\":[{\"@type\":\"WebPage\",\"@id\":\"https:\/\/boatrentalscrete.com\/pl\/privacy-policy\/\",\"url\":\"https:\/\/boatrentalscrete.com\/pl\/privacy-policy\/\",\"name\":\"Privacy Policy - BoatRentalsCrete.com\",\"isPartOf\":{\"@id\":\"https:\/\/boatrentalscrete.com\/#website\"},\"datePublished\":\"2019-07-22T13:25:12+00:00\",\"dateModified\":\"2023-09-18T06:15:14+00:00\",\"description\":\"BoatRentalsCrete.com - our Privacy Policy - Boat Rentals in Agia Pelagia Crete\",\"breadcrumb\":{\"@id\":\"https:\/\/boatrentalscrete.com\/pl\/privacy-policy\/#breadcrumb\"},\"inLanguage\":\"fr-FR\",\"potentialAction\":[{\"@type\":\"ReadAction\",\"target\":[\"https:\/\/boatrentalscrete.com\/pl\/privacy-policy\/\"]}]},{\"@type\":\"BreadcrumbList\",\"@id\":\"https:\/\/boatrentalscrete.com\/pl\/privacy-policy\/#breadcrumb\",\"itemListElement\":[{\"@type\":\"ListItem\",\"position\":1,\"name\":\"Home\",\"item\":\"https:\/\/boatrentalscrete.com\/\"},{\"@type\":\"ListItem\",\"position\":2,\"name\":\"Privacy Policy &#8211; BoatRentalsCrete.com\"}]},{\"@type\":\"WebSite\",\"@id\":\"https:\/\/boatrentalscrete.com\/#website\",\"url\":\"https:\/\/boatrentalscrete.com\/\",\"name\":\"Boat Rentals in Agia Pelagia Crete\",\"description\":\"Motor Boat rentals in Agia Pelagia Crete Island GREECE\",\"publisher\":{\"@id\":\"https:\/\/boatrentalscrete.com\/#organization\"},\"potentialAction\":[{\"@type\":\"SearchAction\",\"target\":{\"@type\":\"EntryPoint\",\"urlTemplate\":\"https:\/\/boatrentalscrete.com\/?s={search_term_string}\"},\"query-input\":\"required name=search_term_string\"}],\"inLanguage\":\"fr-FR\"},{\"@type\":\"Organization\",\"@id\":\"https:\/\/boatrentalscrete.com\/#organization\",\"name\":\"Boat Rentals in Agia Pelagia Crete\",\"url\":\"https:\/\/boatrentalscrete.com\/\",\"logo\":{\"@type\":\"ImageObject\",\"inLanguage\":\"fr-FR\",\"@id\":\"https:\/\/boatrentalscrete.com\/#\/schema\/logo\/image\/\",\"url\":\"https:\/\/boats.beupset.gr\/wp-content\/uploads\/logo-brc-2-w200-h64.png\",\"contentUrl\":\"https:\/\/boats.beupset.gr\/wp-content\/uploads\/logo-brc-2-w200-h64.png\",\"width\":200,\"height\":64,\"caption\":\"Boat Rentals in Agia Pelagia Crete\"},\"image\":{\"@id\":\"https:\/\/boatrentalscrete.com\/#\/schema\/logo\/image\/\"},\"sameAs\":[\"https:\/\/www.facebook.com\/bluewaterclubboat\/\",\"https:\/\/www.instagram.com\/bluewaterclubrentaboat\/\"]}]}<\/script>\n<!-- \/ Yoast SEO plugin. -->","yoast_head_json":{"title":"Privacy Policy - BoatRentalsCrete.com","description":"BoatRentalsCrete.com - our Privacy Policy - Boat Rentals in Agia Pelagia Crete","robots":{"index":"index","follow":"follow","max-snippet":"max-snippet:-1","max-image-preview":"max-image-preview:large","max-video-preview":"max-video-preview:-1"},"canonical":"https:\/\/boatrentalscrete.com\/fr\/privacy-policy\/","og_locale":"fr_FR","og_type":"article","og_title":"Privacy Policy - BoatRentalsCrete.com","og_description":"BoatRentalsCrete.com - our Privacy Policy - Boat Rentals in Agia Pelagia Crete","og_url":"https:\/\/boatrentalscrete.com\/fr\/privacy-policy\/","og_site_name":"Boat Rentals in Agia Pelagia Crete","article_publisher":"https:\/\/www.facebook.com\/bluewaterclubboat\/","article_modified_time":"2023-09-18T06:15:14+00:00","twitter_card":"summary_large_image","twitter_misc":{"Dur\u00e9e de lecture estim\u00e9e":"3 minutes"},"schema":{"@context":"https:\/\/schema.org","@graph":[{"@type":"WebPage","@id":"https:\/\/boatrentalscrete.com\/pl\/privacy-policy\/","url":"https:\/\/boatrentalscrete.com\/pl\/privacy-policy\/","name":"Privacy Policy - BoatRentalsCrete.com","isPartOf":{"@id":"https:\/\/boatrentalscrete.com\/#website"},"datePublished":"2019-07-22T13:25:12+00:00","dateModified":"2023-09-18T06:15:14+00:00","description":"BoatRentalsCrete.com - our Privacy Policy - Boat Rentals in Agia Pelagia Crete","breadcrumb":{"@id":"https:\/\/boatrentalscrete.com\/pl\/privacy-policy\/#breadcrumb"},"inLanguage":"fr-FR","potentialAction":[{"@type":"ReadAction","target":["https:\/\/boatrentalscrete.com\/pl\/privacy-policy\/"]}]},{"@type":"BreadcrumbList","@id":"https:\/\/boatrentalscrete.com\/pl\/privacy-policy\/#breadcrumb","itemListElement":[{"@type":"ListItem","position":1,"name":"Home","item":"https:\/\/boatrentalscrete.com\/"},{"@type":"ListItem","position":2,"name":"Privacy Policy &#8211; BoatRentalsCrete.com"}]},{"@type":"WebSite","@id":"https:\/\/boatrentalscrete.com\/#website","url":"https:\/\/boatrentalscrete.com\/","name":"Boat Rentals in Agia Pelagia Crete","description":"Motor Boat rentals in Agia Pelagia Crete Island GREECE","publisher":{"@id":"https:\/\/boatrentalscrete.com\/#organization"},"potentialAction":[{"@type":"SearchAction","target":{"@type":"EntryPoint","urlTemplate":"https:\/\/boatrentalscrete.com\/?s={search_term_string}"},"query-input":"required name=search_term_string"}],"inLanguage":"fr-FR"},{"@type":"Organization","@id":"https:\/\/boatrentalscrete.com\/#organization","name":"Boat Rentals in Agia Pelagia Crete","url":"https:\/\/boatrentalscrete.com\/","logo":{"@type":"ImageObject","inLanguage":"fr-FR","@id":"https:\/\/boatrentalscrete.com\/#\/schema\/logo\/image\/","url":"https:\/\/boats.beupset.gr\/wp-content\/uploads\/logo-brc-2-w200-h64.png","contentUrl":"https:\/\/boats.beupset.gr\/wp-content\/uploads\/logo-brc-2-w200-h64.png","width":200,"height":64,"caption":"Boat Rentals in Agia Pelagia Crete"},"image":{"@id":"https:\/\/boatrentalscrete.com\/#\/schema\/logo\/image\/"},"sameAs":["https:\/\/www.facebook.com\/bluewaterclubboat\/","https:\/\/www.instagram.com\/bluewaterclubrentaboat\/"]}]}},"_links":{"self":[{"href":"https:\/\/boatrentalscrete.com\/fr\/wp-json\/wp\/v2\/pages\/3"}],"collection":[{"href":"https:\/\/boatrentalscrete.com\/fr\/wp-json\/wp\/v2\/pages"}],"about":[{"href":"https:\/\/boatrentalscrete.com\/fr\/wp-json\/wp\/v2\/types\/page"}],"author":[{"embeddable":true,"href":"https:\/\/boatrentalscrete.com\/fr\/wp-json\/wp\/v2\/users\/1"}],"replies":[{"embeddable":true,"href":"https:\/\/boatrentalscrete.com\/fr\/wp-json\/wp\/v2\/comments?post=3"}],"version-history":[{"count":2,"href":"https:\/\/boatrentalscrete.com\/fr\/wp-json\/wp\/v2\/pages\/3\/revisions"}],"predecessor-version":[{"id":6094,"href":"https:\/\/boatrentalscrete.com\/fr\/wp-json\/wp\/v2\/pages\/3\/revisions\/6094"}],"wp:attachment":[{"href":"https:\/\/boatrentalscrete.com\/fr\/wp-json\/wp\/v2\/media?parent=3"}],"wp:term":[{"taxonomy":"category","embeddable":true,"href":"https:\/\/boatrentalscrete.com\/fr\/wp-json\/wp\/v2\/categories?post=3"},{"taxonomy":"post_tag","embeddable":true,"href":"https:\/\/boatrentalscrete.com\/fr\/wp-json\/wp\/v2\/tags?post=3"}],"curies":[{"name":"wp","href":"https:\/\/api.w.org\/{rel}","templated":true}]}}