{"id":4567,"date":"2020-02-24T04:13:24","date_gmt":"2020-02-24T02:13:24","guid":{"rendered":"https:\/\/boats.beupset.gr\/?page_id=4567"},"modified":"2023-09-18T09:15:24","modified_gmt":"2023-09-18T06:15:24","slug":"terms-conditions","status":"publish","type":"page","link":"https:\/\/boatrentalscrete.com\/es\/terms-conditions\/","title":{"rendered":"T\u00e9rminos y condiciones - BoatRentalsCrete.com"},"content":{"rendered":"<div id=\"pl-4567\"  class=\"panel-layout\" ><div id=\"pg-4567-0\"  class=\"panel-grid panel-has-style\" ><div class=\"siteorigin-panels-stretch panel-row-style panel-row-style-for-4567-0\" data-stretch-type=\"full\" ><div id=\"pgc-4567-0-0\"  class=\"panel-grid-cell\" ><div id=\"panel-4567-0-0-0\" class=\"so-panel widget widget_sow-editor panel-first-child panel-last-child\" data-index=\"0\" ><div\n\t\t\t\n\t\t\tclass=\"so-widget-sow-editor so-widget-sow-editor-base\"\n\t\t\t\n\t\t>\n<div class=\"siteorigin-widget-tinymce textwidget\">\n\t<h3 style=\"text-align: center;\">Terms &amp; Conditions - Boat Renting Services<\/h3>\n<\/div>\n<\/div><\/div><\/div><\/div><\/div><div id=\"pg-4567-1\"  class=\"panel-grid panel-has-style\" ><div class=\"siteorigin-panels-stretch panel-row-style panel-row-style-for-4567-1\" data-stretch-type=\"full\" ><div id=\"pgc-4567-1-0\"  class=\"panel-grid-cell\" ><div id=\"panel-4567-1-0-0\" class=\"so-panel widget widget_sow-editor panel-first-child panel-last-child\" data-index=\"1\" ><div\n\t\t\t\n\t\t\tclass=\"so-widget-sow-editor so-widget-sow-editor-base\"\n\t\t\t\n\t\t>\n<div class=\"siteorigin-widget-tinymce textwidget\">\n\t<h3><\/h3>\n<h4>No se requiere licencia para manejar una lancha a motor de menos de 30 hp.<\/h4>\n<ul>\n<li>Antes del alquiler, el cliente realiza un control del estado del barco y se entrega solo si el estado del barco es satisfactorio para el cliente.<\/li>\n<li>El barco se entrega al cliente lleno de combustible. El consumo de combustible tiene un coste adicional y lo paga el cliente al devolverlo en las instalaciones de la empresa.<\/li>\n<li>El buque est\u00e1 asegurado por lesiones corporales y da\u00f1os materiales resultantes de una colisi\u00f3n en el mar con terceros.<\/li>\n<li>El Blue Water Club no ser\u00e1 responsable por la p\u00e9rdida o da\u00f1o de la propiedad del cliente durante el alquiler.<\/li>\n<\/ul>\n<h4>El cliente acepta y acepta:<\/h4>\n<ul>\n<li>para entregar la embarcaci\u00f3n en el club Blue Water en el estado que fue recibido. El cliente ser\u00e1 responsable de cualquier da\u00f1o causado a la embarcaci\u00f3n por mal uso o negligencia.<\/li>\n<li>para entregar el barco antes del atardecer.<\/li>\n<li>la devoluci\u00f3n anticipada del barco no da derecho al cliente a reclamar un reembolso.<\/li>\n<li>No permita que ninguna de las personas a bordo durante la contrataci\u00f3n maneje la embarcaci\u00f3n.<\/li>\n<li>La distancia m\u00e1xima de la embarcaci\u00f3n desde la costa no debe exceder los 2NM.<\/li>\n<\/ul>\n<h4><\/h4>\n<h4>\n\u00a1No se necesita experiencia!<\/h4>\n<\/div>\n<\/div><\/div><\/div><\/div><\/div><div id=\"pg-4567-2\"  class=\"panel-grid panel-has-style\" ><div class=\"panel-row-style panel-row-style-for-4567-2\" ><div id=\"pgc-4567-2-0\"  class=\"panel-grid-cell\" ><div id=\"panel-4567-2-0-0\" class=\"so-panel widget widget_sow-editor panel-first-child panel-last-child\" data-index=\"2\" ><div class=\"panel-widget-style panel-widget-style-for-4567-2-0-0\" ><div\n\t\t\t\n\t\t\tclass=\"so-widget-sow-editor so-widget-sow-editor-base\"\n\t\t\t\n\t\t>\n<div class=\"siteorigin-widget-tinymce textwidget\">\n\t<h3 style=\"text-align: center\"><span>Ponte en contacto con nosotros<\/span><\/h3>\n<\/div>\n<\/div><\/div><\/div><\/div><\/div><\/div><div id=\"pg-4567-3\"  class=\"panel-grid panel-has-style\" ><div class=\"row-with-vertical-lines panel-row-style panel-row-style-for-4567-3\" ><div id=\"pgc-4567-3-0\"  class=\"panel-grid-cell\" ><div id=\"panel-4567-3-0-0\" class=\"so-panel widget widget_pw_icon_box widget-icon-box panel-first-child panel-last-child\" data-index=\"3\" ><div class=\"panel-widget-style panel-widget-style-for-4567-3-0-0\" >\n\t\t\t<div class=\"icon-box\">\n\t\n\t\t<i class=\"fa  gp gp-placeholder\"><\/i>\n\n\t\t<div class=\"icon-box__content\">\n\t\t\t<p class=\"icon-box__title\">Habla a:<\/p>\n\t\t\t<p class=\"icon-box__subtitle\">Calle Agias Pelagias, 71500, AGIA PELAGIA, CRETA<\/p>\n\t\t<\/div>\n\n\t\t\t<\/div>\n\t\n<\/div><\/div><\/div><div id=\"pgc-4567-3-1\"  class=\"panel-grid-cell\" ><div id=\"panel-4567-3-1-0\" class=\"so-panel widget widget_pw_icon_box widget-icon-box panel-first-child panel-last-child\" data-index=\"4\" ><div class=\"panel-widget-style panel-widget-style-for-4567-3-1-0\" >\n\t\t\t<div class=\"icon-box\">\n\t\n\t\t<i class=\"fa  gp gp-smartphone-1\"><\/i>\n\n\t\t<div class=\"icon-box__content\">\n\t\t\t<p class=\"icon-box__title\">Tel\u00e9fono:<\/p>\n\t\t\t<p class=\"icon-box__subtitle\">+306981084445<\/p>\n\t\t<\/div>\n\n\t\t\t<\/div>\n\t\n<\/div><\/div><\/div><div id=\"pgc-4567-3-2\"  class=\"panel-grid-cell\" ><div id=\"panel-4567-3-2-0\" class=\"so-panel widget widget_pw_icon_box widget-icon-box panel-first-child panel-last-child\" data-index=\"5\" ><div class=\"panel-widget-style panel-widget-style-for-4567-3-2-0\" >\n\t\t\t<div class=\"icon-box\">\n\t\n\t\t<i class=\"fa  gp gp-email\"><\/i>\n\n\t\t<div class=\"icon-box__content\">\n\t\t\t<p class=\"icon-box__title\">Email:<\/p>\n\t\t\t<p class=\"icon-box__subtitle\">info@boatrentalscrete.com<\/p>\n\t\t<\/div>\n\n\t\t\t<\/div>\n\t\n<\/div><\/div><\/div><\/div><\/div><div id=\"pg-4567-4\"  class=\"panel-grid panel-has-style\" ><div class=\"siteorigin-panels-stretch panel-row-style panel-row-style-for-4567-4\" data-stretch-type=\"full\" ><div id=\"pgc-4567-4-0\"  class=\"panel-grid-cell\" ><div id=\"panel-4567-4-0-0\" class=\"so-panel widget widget_sow-editor panel-first-child\" data-index=\"6\" ><div class=\"panel-widget-style panel-widget-style-for-4567-4-0-0\" ><div\n\t\t\t\n\t\t\tclass=\"so-widget-sow-editor so-widget-sow-editor-base\"\n\t\t\t\n\t\t>\n<div class=\"siteorigin-widget-tinymce textwidget\">\n\t<h5 style=\"text-align: left\"><span style=\"color: #253953\">Barcos en Agia Pelagia<\/span><\/h5>\n<\/div>\n<\/div><\/div><\/div><div id=\"panel-4567-4-0-1\" class=\"so-panel widget widget_sow-editor panel-last-child\" data-index=\"7\" ><div class=\"panel-widget-style panel-widget-style-for-4567-4-0-1\" ><div\n\t\t\t\n\t\t\tclass=\"so-widget-sow-editor so-widget-sow-editor-base\"\n\t\t\t\n\t\t>\n<div class=\"siteorigin-widget-tinymce textwidget\">\n\t<p style=\"font-size: 14px; line-height: 24px;\"><span style=\"color: #677180;\">Tel\u00e9fono Agia Pelagia <strong>+30.2810.811235<\/strong><br \/>\nTel\u00e9fono de emergencia <a href=\"tel: 306981084445\"><strong>+306981084445<\/strong><\/a><br \/>\nEmail:<strong> <a href=\"mailto:info@boatrentalscrete.com\">info@boatrentalscrete.com<\/a> <\/strong><\/span><\/p>\n<p><span style=\"color: #677180;\">Calle Agias Pelagias, 71500<\/span><\/p>\n<p style=\"font-size: 14px; line-height: 24px;\"><strong>DIRECCIONES<\/strong> - <a href=\"https:\/\/www.google.com\/maps\/dir\/\/bluewaterclub+greece\/@35.4065669,25.0175259,17.07z\/data=!4m8!4m7!1m0!1m5!1m1!1s0x149a519944525ea9:0x7412bf6e140a53a7!2m2!1d25.017699!2d35.4062736\">C\u00f3mo conducir en autom\u00f3vil o llegar a nuestra oficina a pie: haga clic aqu\u00ed<\/a><\/p>\n<\/div>\n<\/div><\/div><\/div><\/div><div id=\"pgc-4567-4-1\"  class=\"panel-grid-cell\" ><div id=\"panel-4567-4-1-0\" class=\"so-panel widget widget_sow-editor panel-first-child\" data-index=\"8\" ><div class=\"panel-widget-style panel-widget-style-for-4567-4-1-0\" ><div\n\t\t\t\n\t\t\tclass=\"so-widget-sow-editor so-widget-sow-editor-base\"\n\t\t\t\n\t\t>\n<div class=\"siteorigin-widget-tinymce textwidget\">\n\t<h6 style=\"text-align: left;\"><span style=\"color: #253953;\">Blue Water Club - Tsimento Beach Bar - HOTEL PENINSULA<br \/>\n<\/span><\/h6>\n<\/div>\n<\/div><\/div><\/div><div id=\"panel-4567-4-1-1\" class=\"so-panel widget widget_sow-editor panel-last-child\" data-index=\"9\" ><div class=\"panel-widget-style panel-widget-style-for-4567-4-1-1\" ><div\n\t\t\t\n\t\t\tclass=\"so-widget-sow-editor so-widget-sow-editor-base\"\n\t\t\t\n\t\t>\n<div class=\"siteorigin-widget-tinymce textwidget\">\n\t<p style=\"font-size: 14px; line-height: 24px;\"><span style=\"color: #677180;\">Tel\u00e9fono en la playa de Tsimento <strong>+30.2810.811235<\/strong><br \/>\nTel\u00e9fono de emergencia <a href=\"tel: 306981084445\"><strong>+306981084445<\/strong><\/a><br \/>\nEmail:<strong> <a href=\"mailto:info@boatrentalscrete.com\">info@boatrentalscrete.com<\/a> <\/strong><\/span><\/p>\n<p><span style=\"color: #677180;\">Playa Tsimento en el Hotel Peninsula, MONONAFTIS, 71500<\/span><\/p>\n<p style=\"font-size: 14px; line-height: 24px;\"><strong>DIRECCIONES<\/strong> - <a href=\"https:\/\/www.google.com\/maps\/dir\/\/35.4144013,25.0204935\/@35.4144698,25.0197838,19z\/data=!4m2!4m1!3e0\">C\u00f3mo conducir en autom\u00f3vil o llegar a nuestra oficina a pie: haga clic aqu\u00ed<\/a><\/p>\n<\/div>\n<\/div><\/div><\/div><\/div><div id=\"pgc-4567-4-2\"  class=\"panel-grid-cell\" ><div id=\"panel-4567-4-2-0\" class=\"so-panel widget widget_sow-editor panel-first-child\" data-index=\"10\" ><div class=\"panel-widget-style panel-widget-style-for-4567-4-2-0\" ><div\n\t\t\t\n\t\t\tclass=\"so-widget-sow-editor so-widget-sow-editor-base\"\n\t\t\t\n\t\t>\n<div class=\"siteorigin-widget-tinymce textwidget\">\n\t<h6>Blue Water Club - Playa Mononaftis<\/h6>\n<\/div>\n<\/div><\/div><\/div><div id=\"panel-4567-4-2-1\" class=\"so-panel widget widget_sow-editor panel-last-child\" data-index=\"11\" ><div class=\"panel-widget-style panel-widget-style-for-4567-4-2-1\" ><div\n\t\t\t\n\t\t\tclass=\"so-widget-sow-editor so-widget-sow-editor-base\"\n\t\t\t\n\t\t>\n<div class=\"siteorigin-widget-tinymce textwidget\">\n\t<p style=\"font-size: 14px; line-height: 24px;\"><span style=\"color: #677180;\">Tel\u00e9fono en Mononaftis <strong>+30.2810.811235<\/strong><br \/>\nTel\u00e9fono de emergencia <a href=\"tel: 306981084445\"><strong>+306981084445<\/strong><\/a><br \/>\nEmail:<strong> <a href=\"mailto:info@boatrentalscrete.com\">info@boatrentalscrete.com<\/a> <\/strong><\/span><\/p>\n<p><span style=\"color: #677180;\">Playa MONONAFTIS, 71500<\/span><\/p>\n<p style=\"font-size: 14px; line-height: 24px;\"><strong>DIRECCIONES<\/strong> - <a href=\"https:\/\/www.google.com\/maps\/dir\/\/35.4164153,25.0186176\/@35.4165521,25.018455,17z\/data=!4m2!4m1!3e0\">C\u00f3mo conducir en autom\u00f3vil o llegar a nuestra oficina a pie: haga clic aqu\u00ed<\/a><\/p>\n<\/div>\n<\/div><\/div><\/div><\/div><div id=\"pgc-4567-4-3\"  class=\"panel-grid-cell\" ><div id=\"panel-4567-4-3-0\" class=\"so-panel widget widget_sow-editor panel-first-child\" data-index=\"12\" ><div class=\"panel-widget-style panel-widget-style-for-4567-4-3-0\" ><div\n\t\t\t\n\t\t\tclass=\"so-widget-sow-editor so-widget-sow-editor-base\"\n\t\t\t\n\t\t>\n<div class=\"siteorigin-widget-tinymce textwidget\">\n\t<h5 style=\"text-align: left;\"><span style=\"color: #253953;\">Tiempos de operaci\u00f3n<br \/>\n<\/span><\/h5>\n<\/div>\n<\/div><\/div><\/div><div id=\"panel-4567-4-3-1\" class=\"so-panel widget widget_pw_opening_time widget-opening-time panel-last-child\" data-index=\"13\" ><div class=\"panel-widget-style panel-widget-style-for-4567-4-3-1\" >\t\t\t<div class=\"opening-time\">\n\t\t\t\t\t\t\t<div class=\"opening-time__item\">\n\t\t\t\t\t<div class=\"opening-time__day\">\n\t\t\t\t\t\tLunes - domingo (diario)\t\t\t\t\t<\/div>\n\t\t\t\t\t<div class=\"opening-time__time\">\n\t\t\t\t\t\t9 am - 7 pm\t\t\t\t\t<\/div>\n\t\t\t\t<\/div>\n\t\t\t\t\t\t\t<div class=\"opening-time__item\">\n\t\t\t\t\t<div class=\"opening-time__day\">\n\t\t\t\t\t\tABIERTO: 1 de abril - 10 de noviembre\t\t\t\t\t<\/div>\n\t\t\t\t\t<div class=\"opening-time__time\">\n\t\t\t\t\t\t9 am - 7 pm\t\t\t\t\t<\/div>\n\t\t\t\t<\/div>\n\t\t\t\t\t\t\t<div class=\"opening-time__item\">\n\t\t\t\t\t<div class=\"opening-time__day\">\n\t\t\t\t\t\tEn invierno estamos cerrados\t\t\t\t\t<\/div>\n\t\t\t\t\t<div class=\"opening-time__time\">\n\t\t\t\t\t\t\t\t\t\t\t<\/div>\n\t\t\t\t<\/div>\n\t\t\t\t\t\t<\/div>\n\t\t<\/div><\/div><\/div><\/div><\/div><div id=\"pg-4567-5\"  class=\"panel-grid panel-no-style\" ><div id=\"pgc-4567-5-0\"  class=\"panel-grid-cell\" ><div id=\"panel-4567-5-0-0\" class=\"so-panel widget widget_sow-editor panel-first-child panel-last-child\" data-index=\"14\" ><div\n\t\t\t\n\t\t\tclass=\"so-widget-sow-editor so-widget-sow-editor-base\"\n\t\t\t\n\t\t>\n<div class=\"siteorigin-widget-tinymce textwidget\">\n\t<h3 style=\"text-align: center\">Nuestro equipo<\/h3>\n<\/div>\n<\/div><\/div><\/div><\/div><div id=\"pg-4567-6\"  class=\"panel-grid panel-has-style\" ><div class=\"siteorigin-panels-stretch panel-row-style panel-row-style-for-4567-6\" data-stretch-type=\"full\" ><div id=\"pgc-4567-6-0\"  class=\"panel-grid-cell\" ><div id=\"panel-4567-6-0-0\" class=\"so-panel widget widget_pw_testimonials widget-testimonials panel-first-child panel-last-child\" data-index=\"15\" ><div class=\"panel-widget-style panel-widget-style-for-4567-6-0-0\" >\t<div class=\"testimonial\" id=\"testimonial-container-widget-6-0-0\">\n\t\t\t\t\t<img class=\"testimonial__author-avatar\" src=\"https:\/\/boatrentalscrete.com\/wp\/wp-content\/uploads\/somarakis-yannis-2-1.jpg\" alt=\"Imagen del autor testimonial\">\n\t\t\t\t<blockquote class=\"testimonial__quote\">\n\t\t\tBoatRentalsCrete.com. Yannis es el patr\u00f3n y la persona de tecnolog\u00eda de nuestra empresa. Es un experimentado entrenador de esqu\u00ed acu\u00e1tico y deportes. Habla ingl\u00e9s y griego.\t\t<\/blockquote>\n\t\t<div class=\"testimonial__rating\">\n\t\t\t\t\t\t\t\t<\/div>\n\t\t<div class=\"testimonial__author-container\">\n\t\t\t<div class=\"testimonial__author-info\">\n\t\t\t\t<!-- Author Name -->\n\t\t\t\t<cite class=\"testimonial__author\">\n\t\t\t\t\tYannis Somarakis\t\t\t\t<\/cite>\n\t\t\t\t<!-- Author Description -->\n\t\t\t\t\t\t\t\t\t<div class=\"testimonial__author-description\">\n\t\t\t\t\t\tPatr\u00f3n\t\t\t\t\t<\/div>\n\t\t\t\t\t\t\t<\/div>\n\t\t<\/div>\n\t<\/div>\n<\/div><\/div><\/div><div id=\"pgc-4567-6-1\"  class=\"panel-grid-cell\" ><div id=\"panel-4567-6-1-0\" class=\"so-panel widget widget_pw_testimonials widget-testimonials panel-first-child panel-last-child\" data-index=\"16\" >\t<div class=\"testimonial\" id=\"testimonial-container-widget-6-1-0\">\n\t\t\t\t\t<img class=\"testimonial__author-avatar\" src=\"https:\/\/boatrentalscrete.com\/wp\/wp-content\/uploads\/somarakis-yorgos-3-1.jpg\" alt=\"Imagen del autor testimonial\">\n\t\t\t\t<blockquote class=\"testimonial__quote\">\n\t\t\tBoatRentalsCrete.com - Yorgos es nuestro patr\u00f3n principal. Habla ingles y griego\t\t<\/blockquote>\n\t\t<div class=\"testimonial__rating\">\n\t\t\t\t\t\t\t\t<\/div>\n\t\t<div class=\"testimonial__author-container\">\n\t\t\t<div class=\"testimonial__author-info\">\n\t\t\t\t<!-- Author Name -->\n\t\t\t\t<cite class=\"testimonial__author\">\n\t\t\t\t\tYorgos Somarakis\t\t\t\t<\/cite>\n\t\t\t\t<!-- Author Description -->\n\t\t\t\t\t\t\t\t\t<div class=\"testimonial__author-description\">\n\t\t\t\t\t\tPatr\u00f3n\t\t\t\t\t<\/div>\n\t\t\t\t\t\t\t<\/div>\n\t\t<\/div>\n\t<\/div>\n<\/div><\/div><div id=\"pgc-4567-6-2\"  class=\"panel-grid-cell\" ><div id=\"panel-4567-6-2-0\" class=\"so-panel widget widget_pw_testimonials widget-testimonials panel-first-child panel-last-child\" data-index=\"17\" ><div class=\"panel-widget-style panel-widget-style-for-4567-6-2-0\" >\t<div class=\"testimonial\" id=\"testimonial-container-widget-6-2-0\">\n\t\t\t\t\t<img class=\"testimonial__author-avatar\" src=\"https:\/\/boatrentalscrete.com\/wp\/wp-content\/uploads\/papadaki-sofia-3-1.jpg\" alt=\"Imagen del autor testimonial\">\n\t\t\t\t<blockquote class=\"testimonial__quote\">\n\t\t\tBoatRentalsCrete.com - Administraci\u00f3n, reservas y atenci\u00f3n al cliente. Sof\u00eda habla ingl\u00e9s y griego.\t\t<\/blockquote>\n\t\t<div class=\"testimonial__rating\">\n\t\t\t\t\t\t\t\t<\/div>\n\t\t<div class=\"testimonial__author-container\">\n\t\t\t<div class=\"testimonial__author-info\">\n\t\t\t\t<!-- Author Name -->\n\t\t\t\t<cite class=\"testimonial__author\">\n\t\t\t\t\tSofia Papadaki\t\t\t\t<\/cite>\n\t\t\t\t<!-- Author Description -->\n\t\t\t\t\t\t\t\t\t<div class=\"testimonial__author-description\">\n\t\t\t\t\t\tAdministraci\u00f3n\t\t\t\t\t<\/div>\n\t\t\t\t\t\t\t<\/div>\n\t\t<\/div>\n\t<\/div>\n<\/div><\/div><\/div><div id=\"pgc-4567-6-3\"  class=\"panel-grid-cell\" ><div id=\"panel-4567-6-3-0\" class=\"so-panel widget widget_pw_testimonials widget-testimonials panel-first-child panel-last-child\" data-index=\"18\" >\t<div class=\"testimonial\" id=\"testimonial-container-widget-6-3-0\">\n\t\t\t\t\t<img class=\"testimonial__author-avatar\" src=\"https:\/\/boatrentalscrete.com\/wp\/wp-content\/uploads\/Lukas-skipper.jpg\" alt=\"Imagen del autor testimonial\">\n\t\t\t\t<blockquote class=\"testimonial__quote\">\n\t\t\tLukas es nuestro patr\u00f3n, con varios a\u00f1os de experiencia en navegaci\u00f3n. Habla ingl\u00e9s, franc\u00e9s y griego.\t\t<\/blockquote>\n\t\t<div class=\"testimonial__rating\">\n\t\t\t\t\t\t\t\t<\/div>\n\t\t<div class=\"testimonial__author-container\">\n\t\t\t<div class=\"testimonial__author-info\">\n\t\t\t\t<!-- Author Name -->\n\t\t\t\t<cite class=\"testimonial__author\">\n\t\t\t\t\tLukas Dedis\t\t\t\t<\/cite>\n\t\t\t\t<!-- Author Description -->\n\t\t\t\t\t\t\t\t\t<div class=\"testimonial__author-description\">\n\t\t\t\t\t\tPatr\u00f3n\t\t\t\t\t<\/div>\n\t\t\t\t\t\t\t<\/div>\n\t\t<\/div>\n\t<\/div>\n<\/div><\/div><\/div><\/div><\/div>","protected":false},"excerpt":{"rendered":"<p>Terms &amp; Conditions &#8211; Boat Renting Services No license is required for handling a motor boat under 30hp. Prior to renting, a control of the boat\u2019s condition is made by the customer and is delivered only if boat condition is satisfactory for the customer. The boat is delivered to the customer full of fuel. Fuel &hellip;<\/p>","protected":false},"author":1,"featured_media":0,"parent":0,"menu_order":0,"comment_status":"closed","ping_status":"closed","template":"","meta":{"footnotes":""},"categories":[],"tags":[],"acf":[],"yoast_head":"<!-- This site is optimized with the Yoast SEO plugin v21.4 - https:\/\/yoast.com\/wordpress\/plugins\/seo\/ -->\n<title>Terms &amp; Conditions for Boat Rentals &amp; Tours in Agia Pelagia<\/title>\n<meta name=\"description\" content=\"Terms &amp; Conditions for renting a boat and our boat tours in Agia Pelagia Crete - BoatRentalsCrete.com boat rental services on Crete\" \/>\n<meta name=\"robots\" content=\"index, follow, max-snippet:-1, max-image-preview:large, max-video-preview:-1\" \/>\n<link rel=\"canonical\" href=\"https:\/\/boatrentalscrete.com\/es\/terms-conditions\/\" \/>\n<meta property=\"og:locale\" content=\"es_ES\" \/>\n<meta property=\"og:type\" content=\"article\" \/>\n<meta property=\"og:title\" content=\"Terms &amp; Conditions for Boat Rentals &amp; Tours in Agia Pelagia\" \/>\n<meta property=\"og:description\" content=\"Terms &amp; Conditions for renting a boat and our boat tours in Agia Pelagia Crete - BoatRentalsCrete.com boat rental services on Crete\" \/>\n<meta property=\"og:url\" content=\"https:\/\/boatrentalscrete.com\/es\/terms-conditions\/\" \/>\n<meta property=\"og:site_name\" content=\"Boat Rentals in Agia Pelagia Crete\" \/>\n<meta property=\"article:publisher\" content=\"https:\/\/www.facebook.com\/bluewaterclubboat\/\" \/>\n<meta property=\"article:modified_time\" content=\"2023-09-18T06:15:24+00:00\" \/>\n<meta name=\"twitter:card\" content=\"summary_large_image\" \/>\n<meta name=\"twitter:label1\" content=\"Tiempo de lectura\" \/>\n\t<meta name=\"twitter:data1\" content=\"2 minutos\" \/>\n<script type=\"application\/ld+json\" class=\"yoast-schema-graph\">{\"@context\":\"https:\/\/schema.org\",\"@graph\":[{\"@type\":\"WebPage\",\"@id\":\"https:\/\/boatrentalscrete.com\/terms-conditions\/\",\"url\":\"https:\/\/boatrentalscrete.com\/terms-conditions\/\",\"name\":\"Terms & Conditions for Boat Rentals & Tours in Agia Pelagia\",\"isPartOf\":{\"@id\":\"https:\/\/boatrentalscrete.com\/#website\"},\"datePublished\":\"2020-02-24T02:13:24+00:00\",\"dateModified\":\"2023-09-18T06:15:24+00:00\",\"description\":\"Terms & Conditions for renting a boat and our boat tours in Agia Pelagia Crete - BoatRentalsCrete.com boat rental services on Crete\",\"breadcrumb\":{\"@id\":\"https:\/\/boatrentalscrete.com\/terms-conditions\/#breadcrumb\"},\"inLanguage\":\"es\",\"potentialAction\":[{\"@type\":\"ReadAction\",\"target\":[\"https:\/\/boatrentalscrete.com\/terms-conditions\/\"]}]},{\"@type\":\"BreadcrumbList\",\"@id\":\"https:\/\/boatrentalscrete.com\/terms-conditions\/#breadcrumb\",\"itemListElement\":[{\"@type\":\"ListItem\",\"position\":1,\"name\":\"Home\",\"item\":\"https:\/\/boatrentalscrete.com\/\"},{\"@type\":\"ListItem\",\"position\":2,\"name\":\"Terms &#038; Conditions &#8211; BoatRentalsCrete.com\"}]},{\"@type\":\"WebSite\",\"@id\":\"https:\/\/boatrentalscrete.com\/#website\",\"url\":\"https:\/\/boatrentalscrete.com\/\",\"name\":\"Boat Rentals in Agia Pelagia Crete\",\"description\":\"Motor Boat rentals in Agia Pelagia Crete Island GREECE\",\"publisher\":{\"@id\":\"https:\/\/boatrentalscrete.com\/#organization\"},\"potentialAction\":[{\"@type\":\"SearchAction\",\"target\":{\"@type\":\"EntryPoint\",\"urlTemplate\":\"https:\/\/boatrentalscrete.com\/?s={search_term_string}\"},\"query-input\":\"required name=search_term_string\"}],\"inLanguage\":\"es\"},{\"@type\":\"Organization\",\"@id\":\"https:\/\/boatrentalscrete.com\/#organization\",\"name\":\"Boat Rentals in Agia Pelagia Crete\",\"url\":\"https:\/\/boatrentalscrete.com\/\",\"logo\":{\"@type\":\"ImageObject\",\"inLanguage\":\"es\",\"@id\":\"https:\/\/boatrentalscrete.com\/#\/schema\/logo\/image\/\",\"url\":\"https:\/\/boats.beupset.gr\/wp-content\/uploads\/logo-brc-2-w200-h64.png\",\"contentUrl\":\"https:\/\/boats.beupset.gr\/wp-content\/uploads\/logo-brc-2-w200-h64.png\",\"width\":200,\"height\":64,\"caption\":\"Boat Rentals in Agia Pelagia Crete\"},\"image\":{\"@id\":\"https:\/\/boatrentalscrete.com\/#\/schema\/logo\/image\/\"},\"sameAs\":[\"https:\/\/www.facebook.com\/bluewaterclubboat\/\",\"https:\/\/www.instagram.com\/bluewaterclubrentaboat\/\"]}]}<\/script>\n<!-- \/ Yoast SEO plugin. -->","yoast_head_json":{"title":"Terms & Conditions for Boat Rentals & Tours in Agia Pelagia","description":"Terms & Conditions for renting a boat and our boat tours in Agia Pelagia Crete - BoatRentalsCrete.com boat rental services on Crete","robots":{"index":"index","follow":"follow","max-snippet":"max-snippet:-1","max-image-preview":"max-image-preview:large","max-video-preview":"max-video-preview:-1"},"canonical":"https:\/\/boatrentalscrete.com\/es\/terms-conditions\/","og_locale":"es_ES","og_type":"article","og_title":"Terms & Conditions for Boat Rentals & Tours in Agia Pelagia","og_description":"Terms & Conditions for renting a boat and our boat tours in Agia Pelagia Crete - BoatRentalsCrete.com boat rental services on Crete","og_url":"https:\/\/boatrentalscrete.com\/es\/terms-conditions\/","og_site_name":"Boat Rentals in Agia Pelagia Crete","article_publisher":"https:\/\/www.facebook.com\/bluewaterclubboat\/","article_modified_time":"2023-09-18T06:15:24+00:00","twitter_card":"summary_large_image","twitter_misc":{"Tiempo de lectura":"2 minutos"},"schema":{"@context":"https:\/\/schema.org","@graph":[{"@type":"WebPage","@id":"https:\/\/boatrentalscrete.com\/terms-conditions\/","url":"https:\/\/boatrentalscrete.com\/terms-conditions\/","name":"Terms & Conditions for Boat Rentals & Tours in Agia Pelagia","isPartOf":{"@id":"https:\/\/boatrentalscrete.com\/#website"},"datePublished":"2020-02-24T02:13:24+00:00","dateModified":"2023-09-18T06:15:24+00:00","description":"Terms & Conditions for renting a boat and our boat tours in Agia Pelagia Crete - BoatRentalsCrete.com boat rental services on Crete","breadcrumb":{"@id":"https:\/\/boatrentalscrete.com\/terms-conditions\/#breadcrumb"},"inLanguage":"es","potentialAction":[{"@type":"ReadAction","target":["https:\/\/boatrentalscrete.com\/terms-conditions\/"]}]},{"@type":"BreadcrumbList","@id":"https:\/\/boatrentalscrete.com\/terms-conditions\/#breadcrumb","itemListElement":[{"@type":"ListItem","position":1,"name":"Home","item":"https:\/\/boatrentalscrete.com\/"},{"@type":"ListItem","position":2,"name":"Terms &#038; Conditions &#8211; BoatRentalsCrete.com"}]},{"@type":"WebSite","@id":"https:\/\/boatrentalscrete.com\/#website","url":"https:\/\/boatrentalscrete.com\/","name":"Boat Rentals in Agia Pelagia Crete","description":"Motor Boat rentals in Agia Pelagia Crete Island GREECE","publisher":{"@id":"https:\/\/boatrentalscrete.com\/#organization"},"potentialAction":[{"@type":"SearchAction","target":{"@type":"EntryPoint","urlTemplate":"https:\/\/boatrentalscrete.com\/?s={search_term_string}"},"query-input":"required name=search_term_string"}],"inLanguage":"es"},{"@type":"Organization","@id":"https:\/\/boatrentalscrete.com\/#organization","name":"Boat Rentals in Agia Pelagia Crete","url":"https:\/\/boatrentalscrete.com\/","logo":{"@type":"ImageObject","inLanguage":"es","@id":"https:\/\/boatrentalscrete.com\/#\/schema\/logo\/image\/","url":"https:\/\/boats.beupset.gr\/wp-content\/uploads\/logo-brc-2-w200-h64.png","contentUrl":"https:\/\/boats.beupset.gr\/wp-content\/uploads\/logo-brc-2-w200-h64.png","width":200,"height":64,"caption":"Boat Rentals in Agia Pelagia Crete"},"image":{"@id":"https:\/\/boatrentalscrete.com\/#\/schema\/logo\/image\/"},"sameAs":["https:\/\/www.facebook.com\/bluewaterclubboat\/","https:\/\/www.instagram.com\/bluewaterclubrentaboat\/"]}]}},"_links":{"self":[{"href":"https:\/\/boatrentalscrete.com\/es\/wp-json\/wp\/v2\/pages\/4567"}],"collection":[{"href":"https:\/\/boatrentalscrete.com\/es\/wp-json\/wp\/v2\/pages"}],"about":[{"href":"https:\/\/boatrentalscrete.com\/es\/wp-json\/wp\/v2\/types\/page"}],"author":[{"embeddable":true,"href":"https:\/\/boatrentalscrete.com\/es\/wp-json\/wp\/v2\/users\/1"}],"replies":[{"embeddable":true,"href":"https:\/\/boatrentalscrete.com\/es\/wp-json\/wp\/v2\/comments?post=4567"}],"version-history":[{"count":3,"href":"https:\/\/boatrentalscrete.com\/es\/wp-json\/wp\/v2\/pages\/4567\/revisions"}],"predecessor-version":[{"id":6095,"href":"https:\/\/boatrentalscrete.com\/es\/wp-json\/wp\/v2\/pages\/4567\/revisions\/6095"}],"wp:attachment":[{"href":"https:\/\/boatrentalscrete.com\/es\/wp-json\/wp\/v2\/media?parent=4567"}],"wp:term":[{"taxonomy":"category","embeddable":true,"href":"https:\/\/boatrentalscrete.com\/es\/wp-json\/wp\/v2\/categories?post=4567"},{"taxonomy":"post_tag","embeddable":true,"href":"https:\/\/boatrentalscrete.com\/es\/wp-json\/wp\/v2\/tags?post=4567"}],"curies":[{"name":"wp","href":"https:\/\/api.w.org\/{rel}","templated":true}]}}